{"id":10785,"date":"2023-07-10T12:12:38","date_gmt":"2023-07-10T10:12:38","guid":{"rendered":"https:\/\/prod.synergica.fr\/?page_id=10785"},"modified":"2023-07-10T12:20:36","modified_gmt":"2023-07-10T10:20:36","slug":"contact-confirmation","status":"publish","type":"page","link":"https:\/\/synergica.fr\/en\/contact-confirmation\/","title":{"rendered":"Contact : confirmation"},"content":{"rendered":"<div data-elementor-type=\"wp-page\" data-elementor-id=\"10785\" class=\"elementor elementor-10785\" data-elementor-post-type=\"page\">\n\t\t\t\t\t\t<section class=\"elementor-section elementor-top-section elementor-element elementor-element-978daf5 elementor-section-height-min-height elementor-section-boxed elementor-section-height-default elementor-section-items-middle\" data-id=\"978daf5\" data-element_type=\"section\" data-e-type=\"section\" data-settings=\"{&quot;background_background&quot;:&quot;classic&quot;}\">\n\t\t\t\t\t\t\t<div class=\"elementor-background-overlay\"><\/div>\n\t\t\t\t\t\t\t<div class=\"elementor-container elementor-column-gap-default\">\n\t\t\t\t\t<div class=\"elementor-column elementor-col-100 elementor-top-column elementor-element elementor-element-26d4402\" data-id=\"26d4402\" data-element_type=\"column\" data-e-type=\"column\">\n\t\t\t<div class=\"elementor-widget-wrap elementor-element-populated\">\n\t\t\t\t\t\t<div class=\"elementor-element elementor-element-19f7ed5 elementor-widget__width-auto elementor-widget-tablet__width-auto elementor-hidden-mobile elementor-widget elementor-widget-image\" data-id=\"19f7ed5\" data-element_type=\"widget\" data-e-type=\"widget\" data-widget_type=\"image.default\">\n\t\t\t\t<div class=\"elementor-widget-container\">\n\t\t\t\t\t\t\t\t\t\t\t\t\t\t\t<img decoding=\"async\" width=\"30\" height=\"2\" src=\"https:\/\/synergica.fr\/wp-content\/uploads\/2022\/08\/Rectangle-26.svg\" class=\"attachment-large size-large wp-image-3064\" alt=\"\" \/>\t\t\t\t\t\t\t\t\t\t\t\t\t\t\t<\/div>\n\t\t\t\t<\/div>\n\t\t\t\t<div class=\"elementor-element elementor-element-677c9ab elementor-widget-tablet__width-auto py-20 elementor-widget elementor-widget-heading\" data-id=\"677c9ab\" data-element_type=\"widget\" data-e-type=\"widget\" data-widget_type=\"heading.default\">\n\t\t\t\t<div class=\"elementor-widget-container\">\n\t\t\t\t\t<h2 class=\"elementor-heading-title elementor-size-default\">Contact<\/h2>\t\t\t\t<\/div>\n\t\t\t\t<\/div>\n\t\t\t\t\t<\/div>\n\t\t<\/div>\n\t\t\t\t\t<\/div>\n\t\t<\/section>\n\t\t\t\t<section class=\"elementor-section elementor-top-section elementor-element elementor-element-cf82c5f elementor-section-boxed elementor-section-height-default elementor-section-height-default\" data-id=\"cf82c5f\" data-element_type=\"section\" data-e-type=\"section\">\n\t\t\t\t\t\t<div class=\"elementor-container elementor-column-gap-default\">\n\t\t\t\t\t<div class=\"elementor-column elementor-col-50 elementor-top-column elementor-element elementor-element-fcf3c34\" data-id=\"fcf3c34\" data-element_type=\"column\" data-e-type=\"column\">\n\t\t\t<div class=\"elementor-widget-wrap elementor-element-populated\">\n\t\t\t\t\t\t<div class=\"elementor-element elementor-element-a6afd63 elementor-widget elementor-widget-html\" data-id=\"a6afd63\" data-element_type=\"widget\" data-e-type=\"widget\" data-widget_type=\"html.default\">\n\t\t\t\t<div class=\"elementor-widget-container\">\n\t\t\t\t\t<p>Votre message a \u00e9t\u00e9 envoy\u00e9 avec succ\u00e8s. Notre \u00e9quipe se chargera de revenir vers vous dans les plus brefs d\u00e9lais.<\/p>\r\n <script type=\"text\/javascript\">\r\n               dataLayer.push({\r\n                    'event': 'confirmation-contact',\r\n                    'virtualDocumentPath': '\/confirmation-contact',\r\n                     'virtualDocumentTitle': 'Page de confirmation contact'\r\n                });\r\n        <\/script>\r\n\t\t\t\t<\/div>\n\t\t\t\t<\/div>\n\t\t\t\t\t<\/div>\n\t\t<\/div>\n\t\t\t\t<div class=\"elementor-column elementor-col-50 elementor-top-column elementor-element elementor-element-48da11d\" data-id=\"48da11d\" data-element_type=\"column\" data-e-type=\"column\">\n\t\t\t<div class=\"elementor-widget-wrap elementor-element-populated\">\n\t\t\t\t\t\t<section class=\"elementor-section elementor-inner-section elementor-element elementor-element-05c9287 elementor-section-boxed elementor-section-height-default elementor-section-height-default\" data-id=\"05c9287\" data-element_type=\"section\" data-e-type=\"section\">\n\t\t\t\t\t\t<div class=\"elementor-container elementor-column-gap-default\">\n\t\t\t\t\t<div class=\"elementor-column elementor-col-100 elementor-inner-column elementor-element elementor-element-1254fae\" data-id=\"1254fae\" data-element_type=\"column\" data-e-type=\"column\" data-settings=\"{&quot;background_background&quot;:&quot;classic&quot;}\">\n\t\t\t<div class=\"elementor-widget-wrap elementor-element-populated\">\n\t\t\t\t\t\t<div class=\"elementor-element elementor-element-8eb7f17 elementor-widget elementor-widget-heading\" data-id=\"8eb7f17\" data-element_type=\"widget\" data-e-type=\"widget\" data-widget_type=\"heading.default\">\n\t\t\t\t<div class=\"elementor-widget-container\">\n\t\t\t\t\t<h3 class=\"elementor-heading-title elementor-size-default\">Contact :<\/h3>\t\t\t\t<\/div>\n\t\t\t\t<\/div>\n\t\t\t\t<div class=\"elementor-element elementor-element-ab463a6 elementor-icon-list--layout-traditional elementor-list-item-link-full_width elementor-widget elementor-widget-icon-list\" data-id=\"ab463a6\" data-element_type=\"widget\" data-e-type=\"widget\" data-widget_type=\"icon-list.default\">\n\t\t\t\t<div class=\"elementor-widget-container\">\n\t\t\t\t\t\t\t<ul class=\"elementor-icon-list-items\">\n\t\t\t\t\t\t\t<li class=\"elementor-icon-list-item\">\n\t\t\t\t\t\t\t\t\t\t\t<span class=\"elementor-icon-list-icon\">\n\t\t\t\t\t\t\t<i aria-hidden=\"true\" class=\"fas fa-map-marker-alt\"><\/i>\t\t\t\t\t\t<\/span>\n\t\t\t\t\t\t\t\t\t\t<span class=\"elementor-icon-list-text\"><b>Location<\/b><br>ZI de la glaci\u00e8re <br>Rue des Vosges <br>90150 Foussemagne<\/span>\n\t\t\t\t\t\t\t\t\t<\/li>\n\t\t\t\t\t\t<\/ul>\n\t\t\t\t\t\t<\/div>\n\t\t\t\t<\/div>\n\t\t\t\t<div class=\"elementor-element elementor-element-962ccf6 elementor-icon-list--layout-traditional elementor-list-item-link-full_width elementor-widget elementor-widget-icon-list\" data-id=\"962ccf6\" data-element_type=\"widget\" data-e-type=\"widget\" data-widget_type=\"icon-list.default\">\n\t\t\t\t<div class=\"elementor-widget-container\">\n\t\t\t\t\t\t\t<ul class=\"elementor-icon-list-items\">\n\t\t\t\t\t\t\t<li class=\"elementor-icon-list-item translation-block\"><span class=\"elementor-icon-list-icon\">\n\t\t\t\t\t\t\t<i aria-hidden=\"true\" class=\"far fa-clock\"><\/i>\t\t\t\t\t\t<\/span>\n\t\t\t\t\t\t\t\t\t\t<span class=\"elementor-icon-list-text\"><b>Opening hour:<\/b><br>Monday to Thursday,  <b>8:00 am to 12:00 pm<\/b> and <b>2:00 pm to 6:00 pm<\/b><br>Friday <b>8:00am to 12:00pm<\/b> and <b>2:00pm to 4:00pm<\/b><\/span><\/li>\n\t\t\t\t\t\t<\/ul>\n\t\t\t\t\t\t<\/div>\n\t\t\t\t<\/div>\n\t\t\t\t<div class=\"elementor-element elementor-element-a243a72 elementor-icon-list--layout-traditional elementor-list-item-link-full_width elementor-widget elementor-widget-icon-list\" data-id=\"a243a72\" data-element_type=\"widget\" data-e-type=\"widget\" data-widget_type=\"icon-list.default\">\n\t\t\t\t<div class=\"elementor-widget-container\">\n\t\t\t\t\t\t\t<ul class=\"elementor-icon-list-items\">\n\t\t\t\t\t\t\t<li class=\"elementor-icon-list-item\">\n\t\t\t\t\t\t\t\t\t\t\t<span class=\"elementor-icon-list-icon\">\n\t\t\t\t\t\t\t<i aria-hidden=\"true\" class=\"fas fa-phone-alt\"><\/i>\t\t\t\t\t\t<\/span>\n\t\t\t\t\t\t\t\t\t\t<span class=\"elementor-icon-list-text\"><b>Phone :<\/b><br>+33 3 84 23 36 26<\/span>\n\t\t\t\t\t\t\t\t\t<\/li>\n\t\t\t\t\t\t<\/ul>\n\t\t\t\t\t\t<\/div>\n\t\t\t\t<\/div>\n\t\t\t\t<div class=\"elementor-element elementor-element-df8ea98 elementor-shape-circle e-grid-align-left elementor-grid-0 elementor-widget elementor-widget-social-icons\" data-id=\"df8ea98\" data-element_type=\"widget\" data-e-type=\"widget\" data-widget_type=\"social-icons.default\">\n\t\t\t\t<div class=\"elementor-widget-container\">\n\t\t\t\t\t\t\t<div class=\"elementor-social-icons-wrapper elementor-grid\" role=\"list\">\n\t\t\t\t\t\t\t<span class=\"elementor-grid-item\" role=\"listitem\">\n\t\t\t\t\t<a class=\"elementor-icon elementor-social-icon elementor-social-icon-envelope elementor-repeater-item-b842d57\" href=\"https:\/\/synergica.fr\/en\/contact\/\" target=\"_blank\">\n\t\t\t\t\t\t<span class=\"elementor-screen-only\">Envelope<\/span>\n\t\t\t\t\t\t<i aria-hidden=\"true\" class=\"far fa-envelope\"><\/i>\t\t\t\t\t<\/a>\n\t\t\t\t<\/span>\n\t\t\t\t\t\t\t<span class=\"elementor-grid-item\" role=\"listitem\">\n\t\t\t\t\t<a class=\"elementor-icon elementor-social-icon elementor-social-icon-linkedin-in elementor-repeater-item-df23d7d\" href=\"https:\/\/fr.linkedin.com\/company\/sofimeca%20\" target=\"_blank\">\n\t\t\t\t\t\t<span class=\"elementor-screen-only\">Linkedin-in<\/span>\n\t\t\t\t\t\t<i aria-hidden=\"true\" class=\"fab fa-linkedin-in\"><\/i>\t\t\t\t\t<\/a>\n\t\t\t\t<\/span>\n\t\t\t\t\t<\/div>\n\t\t\t\t\t\t<\/div>\n\t\t\t\t<\/div>\n\t\t\t\t\t<\/div>\n\t\t<\/div>\n\t\t\t\t\t<\/div>\n\t\t<\/section>\n\t\t\t\t\t<\/div>\n\t\t<\/div>\n\t\t\t\t\t<\/div>\n\t\t<\/section>\n\t\t\t\t<\/div>","protected":false},"excerpt":{"rendered":"<p>Contact Votre message a \u00e9t\u00e9 envoy\u00e9 avec succ\u00e8s. Notre \u00e9quipe se chargera de revenir vers vous dans les plus brefs d\u00e9lais. Contact : Localisation :ZI de la glaci\u00e8re Rue des Vosges 90150 Foussemagne Horaires d&rsquo;ouvertures :Du lundi au jeudi de 8h00 \u00e0 12h00 et de 14h00 \u00e0 18h00Le vendredi de 8h00 \u00e0 12h00 et de [&hellip;]<\/p>\n","protected":false},"author":2,"featured_media":0,"parent":0,"menu_order":0,"comment_status":"closed","ping_status":"closed","template":"","meta":{"footnotes":""},"class_list":["post-10785","page","type-page","status-publish","hentry"],"yoast_head":"<!-- This site is optimized with the Yoast SEO plugin v27.3 - https:\/\/yoast.com\/product\/yoast-seo-wordpress\/ -->\n<title>Contact : confirmation - SYNERGICA<\/title>\n<meta name=\"robots\" content=\"index, follow, max-snippet:-1, max-image-preview:large, max-video-preview:-1\" \/>\n<link rel=\"canonical\" href=\"https:\/\/synergica.fr\/en\/contact-confirmation\/\" \/>\n<meta property=\"og:locale\" content=\"en_GB\" \/>\n<meta property=\"og:type\" content=\"article\" \/>\n<meta property=\"og:title\" content=\"Contact : confirmation - SYNERGICA\" \/>\n<meta property=\"og:description\" content=\"Contact Votre message a \u00e9t\u00e9 envoy\u00e9 avec succ\u00e8s. Notre \u00e9quipe se chargera de revenir vers vous dans les plus brefs d\u00e9lais. Contact : Localisation :ZI de la glaci\u00e8re Rue des Vosges 90150 Foussemagne Horaires d&rsquo;ouvertures :Du lundi au jeudi de 8h00 \u00e0 12h00 et de 14h00 \u00e0 18h00Le vendredi de 8h00 \u00e0 12h00 et de [&hellip;]\" \/>\n<meta property=\"og:url\" content=\"https:\/\/synergica.fr\/en\/contact-confirmation\/\" \/>\n<meta property=\"og:site_name\" content=\"SYNERGICA\" \/>\n<meta property=\"article:modified_time\" content=\"2023-07-10T10:20:36+00:00\" \/>\n<meta property=\"og:image\" content=\"https:\/\/prod.synergica.fr\/wp-content\/uploads\/2022\/08\/Rectangle-26.svg\" \/>\n<meta name=\"twitter:card\" content=\"summary_large_image\" \/>\n<meta name=\"twitter:label1\" content=\"Estimated reading time\" \/>\n\t<meta name=\"twitter:data1\" content=\"1 minute\" \/>\n<script type=\"application\/ld+json\" class=\"yoast-schema-graph\">{\"@context\":\"https:\\\/\\\/schema.org\",\"@graph\":[{\"@type\":\"WebPage\",\"@id\":\"https:\\\/\\\/synergica.fr\\\/contact-confirmation\\\/\",\"url\":\"https:\\\/\\\/synergica.fr\\\/contact-confirmation\\\/\",\"name\":\"Contact : confirmation - SYNERGICA\",\"isPartOf\":{\"@id\":\"https:\\\/\\\/synergica.fr\\\/#website\"},\"primaryImageOfPage\":{\"@id\":\"https:\\\/\\\/synergica.fr\\\/contact-confirmation\\\/#primaryimage\"},\"image\":{\"@id\":\"https:\\\/\\\/synergica.fr\\\/contact-confirmation\\\/#primaryimage\"},\"thumbnailUrl\":\"https:\\\/\\\/prod.synergica.fr\\\/wp-content\\\/uploads\\\/2022\\\/08\\\/Rectangle-26.svg\",\"datePublished\":\"2023-07-10T10:12:38+00:00\",\"dateModified\":\"2023-07-10T10:20:36+00:00\",\"breadcrumb\":{\"@id\":\"https:\\\/\\\/synergica.fr\\\/contact-confirmation\\\/#breadcrumb\"},\"inLanguage\":\"en-GB\",\"potentialAction\":[{\"@type\":\"ReadAction\",\"target\":[\"https:\\\/\\\/synergica.fr\\\/contact-confirmation\\\/\"]}]},{\"@type\":\"ImageObject\",\"inLanguage\":\"en-GB\",\"@id\":\"https:\\\/\\\/synergica.fr\\\/contact-confirmation\\\/#primaryimage\",\"url\":\"https:\\\/\\\/prod.synergica.fr\\\/wp-content\\\/uploads\\\/2022\\\/08\\\/Rectangle-26.svg\",\"contentUrl\":\"https:\\\/\\\/prod.synergica.fr\\\/wp-content\\\/uploads\\\/2022\\\/08\\\/Rectangle-26.svg\"},{\"@type\":\"BreadcrumbList\",\"@id\":\"https:\\\/\\\/synergica.fr\\\/contact-confirmation\\\/#breadcrumb\",\"itemListElement\":[{\"@type\":\"ListItem\",\"position\":1,\"name\":\"Accueil\",\"item\":\"https:\\\/\\\/synergica.fr\\\/\"},{\"@type\":\"ListItem\",\"position\":2,\"name\":\"Contact : confirmation\"}]},{\"@type\":\"WebSite\",\"@id\":\"https:\\\/\\\/synergica.fr\\\/#website\",\"url\":\"https:\\\/\\\/synergica.fr\\\/\",\"name\":\"SYNERGICA\",\"description\":\"\",\"publisher\":{\"@id\":\"https:\\\/\\\/synergica.fr\\\/#organization\"},\"potentialAction\":[{\"@type\":\"SearchAction\",\"target\":{\"@type\":\"EntryPoint\",\"urlTemplate\":\"https:\\\/\\\/synergica.fr\\\/?s={search_term_string}\"},\"query-input\":{\"@type\":\"PropertyValueSpecification\",\"valueRequired\":true,\"valueName\":\"search_term_string\"}}],\"inLanguage\":\"en-GB\"},{\"@type\":\"Organization\",\"@id\":\"https:\\\/\\\/synergica.fr\\\/#organization\",\"name\":\"SYNERGICA\",\"url\":\"https:\\\/\\\/synergica.fr\\\/\",\"logo\":{\"@type\":\"ImageObject\",\"inLanguage\":\"en-GB\",\"@id\":\"https:\\\/\\\/synergica.fr\\\/#\\\/schema\\\/logo\\\/image\\\/\",\"url\":\"https:\\\/\\\/synergica.fr\\\/wp-content\\\/uploads\\\/2022\\\/10\\\/logo_synergica.svg\",\"contentUrl\":\"https:\\\/\\\/synergica.fr\\\/wp-content\\\/uploads\\\/2022\\\/10\\\/logo_synergica.svg\",\"width\":219.221,\"height\":50.64,\"caption\":\"SYNERGICA\"},\"image\":{\"@id\":\"https:\\\/\\\/synergica.fr\\\/#\\\/schema\\\/logo\\\/image\\\/\"}}]}<\/script>\n<!-- \/ Yoast SEO plugin. -->","yoast_head_json":{"title":"Contact : confirmation - SYNERGICA","robots":{"index":"index","follow":"follow","max-snippet":"max-snippet:-1","max-image-preview":"max-image-preview:large","max-video-preview":"max-video-preview:-1"},"canonical":"https:\/\/synergica.fr\/en\/contact-confirmation\/","og_locale":"en_GB","og_type":"article","og_title":"Contact : confirmation - SYNERGICA","og_description":"Contact Votre message a \u00e9t\u00e9 envoy\u00e9 avec succ\u00e8s. Notre \u00e9quipe se chargera de revenir vers vous dans les plus brefs d\u00e9lais. Contact : Localisation :ZI de la glaci\u00e8re Rue des Vosges 90150 Foussemagne Horaires d&rsquo;ouvertures :Du lundi au jeudi de 8h00 \u00e0 12h00 et de 14h00 \u00e0 18h00Le vendredi de 8h00 \u00e0 12h00 et de [&hellip;]","og_url":"https:\/\/synergica.fr\/en\/contact-confirmation\/","og_site_name":"SYNERGICA","article_modified_time":"2023-07-10T10:20:36+00:00","og_image":[{"url":"https:\/\/prod.synergica.fr\/wp-content\/uploads\/2022\/08\/Rectangle-26.svg","type":"","width":"","height":""}],"twitter_card":"summary_large_image","twitter_misc":{"Estimated reading time":"1 minute"},"schema":{"@context":"https:\/\/schema.org","@graph":[{"@type":"WebPage","@id":"https:\/\/synergica.fr\/contact-confirmation\/","url":"https:\/\/synergica.fr\/contact-confirmation\/","name":"Contact : confirmation - SYNERGICA","isPartOf":{"@id":"https:\/\/synergica.fr\/#website"},"primaryImageOfPage":{"@id":"https:\/\/synergica.fr\/contact-confirmation\/#primaryimage"},"image":{"@id":"https:\/\/synergica.fr\/contact-confirmation\/#primaryimage"},"thumbnailUrl":"https:\/\/prod.synergica.fr\/wp-content\/uploads\/2022\/08\/Rectangle-26.svg","datePublished":"2023-07-10T10:12:38+00:00","dateModified":"2023-07-10T10:20:36+00:00","breadcrumb":{"@id":"https:\/\/synergica.fr\/contact-confirmation\/#breadcrumb"},"inLanguage":"en-GB","potentialAction":[{"@type":"ReadAction","target":["https:\/\/synergica.fr\/contact-confirmation\/"]}]},{"@type":"ImageObject","inLanguage":"en-GB","@id":"https:\/\/synergica.fr\/contact-confirmation\/#primaryimage","url":"https:\/\/prod.synergica.fr\/wp-content\/uploads\/2022\/08\/Rectangle-26.svg","contentUrl":"https:\/\/prod.synergica.fr\/wp-content\/uploads\/2022\/08\/Rectangle-26.svg"},{"@type":"BreadcrumbList","@id":"https:\/\/synergica.fr\/contact-confirmation\/#breadcrumb","itemListElement":[{"@type":"ListItem","position":1,"name":"Accueil","item":"https:\/\/synergica.fr\/"},{"@type":"ListItem","position":2,"name":"Contact : confirmation"}]},{"@type":"WebSite","@id":"https:\/\/synergica.fr\/#website","url":"https:\/\/synergica.fr\/","name":"SYNERGICA","description":"","publisher":{"@id":"https:\/\/synergica.fr\/#organization"},"potentialAction":[{"@type":"SearchAction","target":{"@type":"EntryPoint","urlTemplate":"https:\/\/synergica.fr\/?s={search_term_string}"},"query-input":{"@type":"PropertyValueSpecification","valueRequired":true,"valueName":"search_term_string"}}],"inLanguage":"en-GB"},{"@type":"Organization","@id":"https:\/\/synergica.fr\/#organization","name":"SYNERGICA","url":"https:\/\/synergica.fr\/","logo":{"@type":"ImageObject","inLanguage":"en-GB","@id":"https:\/\/synergica.fr\/#\/schema\/logo\/image\/","url":"https:\/\/synergica.fr\/wp-content\/uploads\/2022\/10\/logo_synergica.svg","contentUrl":"https:\/\/synergica.fr\/wp-content\/uploads\/2022\/10\/logo_synergica.svg","width":219.221,"height":50.64,"caption":"SYNERGICA"},"image":{"@id":"https:\/\/synergica.fr\/#\/schema\/logo\/image\/"}}]}},"_links":{"self":[{"href":"https:\/\/synergica.fr\/en\/wp-json\/wp\/v2\/pages\/10785","targetHints":{"allow":["GET"]}}],"collection":[{"href":"https:\/\/synergica.fr\/en\/wp-json\/wp\/v2\/pages"}],"about":[{"href":"https:\/\/synergica.fr\/en\/wp-json\/wp\/v2\/types\/page"}],"author":[{"embeddable":true,"href":"https:\/\/synergica.fr\/en\/wp-json\/wp\/v2\/users\/2"}],"replies":[{"embeddable":true,"href":"https:\/\/synergica.fr\/en\/wp-json\/wp\/v2\/comments?post=10785"}],"version-history":[{"count":7,"href":"https:\/\/synergica.fr\/en\/wp-json\/wp\/v2\/pages\/10785\/revisions"}],"predecessor-version":[{"id":10814,"href":"https:\/\/synergica.fr\/en\/wp-json\/wp\/v2\/pages\/10785\/revisions\/10814"}],"wp:attachment":[{"href":"https:\/\/synergica.fr\/en\/wp-json\/wp\/v2\/media?parent=10785"}],"curies":[{"name":"wp","href":"https:\/\/api.w.org\/{rel}","templated":true}]}}