{"id":154,"date":"2022-07-29T15:02:50","date_gmt":"2022-07-29T13:02:50","guid":{"rendered":"https:\/\/pre-prod.sofimeca.com\/?page_id=154"},"modified":"2023-07-11T12:06:37","modified_gmt":"2023-07-11T10:06:37","slug":"mentions-legales","status":"publish","type":"page","link":"https:\/\/synergica.fr\/en\/mentions-legales\/","title":{"rendered":"Legals"},"content":{"rendered":"<div data-elementor-type=\"wp-page\" data-elementor-id=\"154\" class=\"elementor elementor-154\" data-elementor-post-type=\"page\">\n\t\t\t\t\t\t<section class=\"elementor-section elementor-top-section elementor-element elementor-element-63ca619 elementor-section-height-min-height elementor-section-boxed elementor-section-height-default elementor-section-items-middle\" data-id=\"63ca619\" data-element_type=\"section\" data-e-type=\"section\" data-settings=\"{&quot;background_background&quot;:&quot;classic&quot;}\">\n\t\t\t\t\t\t\t<div class=\"elementor-background-overlay\"><\/div>\n\t\t\t\t\t\t\t<div class=\"elementor-container elementor-column-gap-default\">\n\t\t\t\t\t<div class=\"elementor-column elementor-col-100 elementor-top-column elementor-element elementor-element-11ecc8d\" data-id=\"11ecc8d\" data-element_type=\"column\" data-e-type=\"column\">\n\t\t\t<div class=\"elementor-widget-wrap elementor-element-populated\">\n\t\t\t\t\t\t<div class=\"elementor-element elementor-element-d983f75 elementor-widget__width-auto elementor-widget-tablet__width-auto elementor-hidden-mobile elementor-widget elementor-widget-image\" data-id=\"d983f75\" data-element_type=\"widget\" data-e-type=\"widget\" data-widget_type=\"image.default\">\n\t\t\t\t<div class=\"elementor-widget-container\">\n\t\t\t\t\t\t\t\t\t\t\t\t\t\t\t<img decoding=\"async\" width=\"30\" height=\"2\" src=\"https:\/\/synergica.fr\/wp-content\/uploads\/2022\/08\/Rectangle-26.svg\" class=\"attachment-large size-large wp-image-3064\" alt=\"\" \/>\t\t\t\t\t\t\t\t\t\t\t\t\t\t\t<\/div>\n\t\t\t\t<\/div>\n\t\t\t\t<div class=\"elementor-element elementor-element-8c7b268 elementor-widget-tablet__width-auto py-20 elementor-widget elementor-widget-heading\" data-id=\"8c7b268\" data-element_type=\"widget\" data-e-type=\"widget\" data-widget_type=\"heading.default\">\n\t\t\t\t<div class=\"elementor-widget-container\">\n\t\t\t\t\t<h2 class=\"elementor-heading-title elementor-size-default\">Legals<\/h2>\t\t\t\t<\/div>\n\t\t\t\t<\/div>\n\t\t\t\t\t<\/div>\n\t\t<\/div>\n\t\t\t\t\t<\/div>\n\t\t<\/section>\n\t\t\t\t<section class=\"elementor-section elementor-top-section elementor-element elementor-element-5bf9a72 elementor-section-boxed elementor-section-height-default elementor-section-height-default\" data-id=\"5bf9a72\" data-element_type=\"section\" data-e-type=\"section\">\n\t\t\t\t\t\t<div class=\"elementor-container elementor-column-gap-default\">\n\t\t\t\t\t<div class=\"elementor-column elementor-col-100 elementor-top-column elementor-element elementor-element-7d39f84\" data-id=\"7d39f84\" data-element_type=\"column\" data-e-type=\"column\">\n\t\t\t<div class=\"elementor-widget-wrap elementor-element-populated\">\n\t\t\t\t\t\t<div class=\"elementor-element elementor-element-e6690f1 elementor-widget elementor-widget-text-editor\" data-id=\"e6690f1\" data-element_type=\"widget\" data-e-type=\"widget\" data-widget_type=\"text-editor.default\">\n\t\t\t\t<div class=\"elementor-widget-container\">\n\t\t\t\t\t\t\t\t\t<h2 class=\"h3\">EDITION<\/h2><p>Le site synergica.fr est la propri\u00e9t\u00e9 pleine et enti\u00e8re de SYNERGICA.<\/p><ul><li><strong>SYNERGICA<\/strong><\/li><li>SIRET : 44198393900022<\/li><li>Num\u00e9ro T.V.A : FR47441983939<\/li><li>Si\u00e8ge social : RUE DES VOSGES 90150 FOUSSEMAGNE<\/li><\/ul><h2 class=\"h3 mt-4 mt-md-5\">MARQUES \u2013 PROPRI\u00c9T\u00c9 INTELLECTUELLE<\/h2><p>Tous les noms et marques de produits ou autres marques cit\u00e9s sur ce site sont d\u00e9pos\u00e9s par leurs propri\u00e9taires respectifs. Les sources mentionn\u00e9es conservent leurs droits. Tous les textes, photos, vid\u00e9os, images, dessins, s\u00e9quences anim\u00e9es et toutes \u0153uvres consultables sur le site sont prot\u00e9g\u00e9s par des droits d\u2019auteur. Toute reproduction, m\u00eame partielle doit faire l\u2019oeuvre d\u2019une demande au responsable de la publication ou au webmaster.<\/p><h2 class=\"h3 mt-4 mt-md-5\">DYSFONCTIONNEMENT \u2013 VIRUS<\/h2><p>Le propri\u00e9taire du site ne pourra \u00eatre tenu responsable des dommages directs ou indirects, r\u00e9sultant de l\u2019utilisation de ce site Web, ou de l\u2019impossibilit\u00e9 pour un tiers de l\u2019utiliser, ou d\u2019un mauvais fonctionnement, d\u2019une interruption, d\u2019un virus ou encore d\u2019un probl\u00e8me de ligne ou de syst\u00e8me.<\/p><h2 class=\"h3 mt-4 mt-md-5\">COOKIES<\/h2><p>Pour des besoins de statistiques et d\u2019affichage, ce site utilise des cookies. Il s\u2019agit de petits fichiers textes stock\u00e9s sur votre disque dur afin d\u2019enregistrer des donn\u00e9es techniques sur votre navigation. Certaines parties de ce site ne peuvent \u00eatre fonctionnelle sans l\u2019acceptation de cookies.<\/p><h2 class=\"h3 mt-4 mt-md-5\">RESPONSABILIT\u00c9<\/h2><p>Le contenu et l\u2019environnement des sites ext\u00e9rieurs auxquels le site www.synergica.fr peut renvoyer (notamment par l\u2019interm\u00e9diaire de liens hypertextes) n\u2019engagent pas la responsabilit\u00e9 de Synergica.<\/p><p>La mise en place de liens hypertextes par des tiers vers des pages ou des documents du site de Synergica est autoris\u00e9e sous r\u00e9serve que les liens ne contreviennent pas aux int\u00e9r\u00eats de Synergica et qu\u2019ils garantissent la possibilit\u00e9 pour l\u2019utilisateur d\u2019identifier l\u2019origine et l\u2019auteur du document.<\/p><p>La responsabilit\u00e9 de Synergica ne peut, en aucune mani\u00e8re, \u00eatre engag\u00e9e quant au contenu des informations figurant sur ce site ou aux cons\u00e9quences pouvant r\u00e9sulter de leur utilisation ou interpr\u00e9tation.<\/p><p>La consultation du site www.synergica.fr pr\u00e9suppose que l\u2019internaute en accepte les termes et conditions pr\u00e9cis\u00e9s ci-dessus.<\/p><h2 class=\"h3 mt-4 mt-md-5\">R\u00c9ALISATION<\/h2><p><a href=\"https:\/\/www.ukoo.fr\/\" target=\"_blank\" rel=\"noopener\"><img decoding=\"async\" src=\"https:\/\/www.ukoo.fr\/images\/logos\/logo_ukoo_fond_blanc.png\" \/><\/a><\/p><ul><li><strong>Ukoo SAS<\/strong><\/li><li>Si\u00e8ge social : 7 avenue du Mar\u00e9chal Foch 68100 Mulhouse \u2013 France<\/li><li>T\u00e9l\u00e9phone : +33 (0)3 89 64 05 12<\/li><li>Site web :\u00a0<a href=\"https:\/\/www.ukoo.fr\/\" target=\"_blank\" rel=\"noopener\">www.ukoo.fr<\/a><\/li><\/ul>\t\t\t\t\t\t\t\t<\/div>\n\t\t\t\t<\/div>\n\t\t\t\t\t<\/div>\n\t\t<\/div>\n\t\t\t\t\t<\/div>\n\t\t<\/section>\n\t\t\t\t<\/div>","protected":false},"excerpt":{"rendered":"<p>EDITION Le site synergica.fr est la propri\u00e9t\u00e9 pleine et enti\u00e8re de SYNERGICA. SYNERGICA SIRET : 44198393900022 Num\u00e9ro T.V.A : FR47441983939 Si\u00e8ge social : RUE DES VOSGES 90150 FOUSSEMAGNE MARQUES \u2013 PROPRI\u00c9T\u00c9 INTELLECTUELLE Tous les noms et marques de produits ou autres marques cit\u00e9s sur ce site sont d\u00e9pos\u00e9s par leurs propri\u00e9taires respectifs. Les sources mentionn\u00e9es [&hellip;]<\/p>\n","protected":false},"author":2,"featured_media":0,"parent":0,"menu_order":0,"comment_status":"closed","ping_status":"closed","template":"","meta":{"footnotes":""},"class_list":["post-154","page","type-page","status-publish","hentry"],"yoast_head":"<!-- This site is optimized with the Yoast SEO plugin v27.3 - https:\/\/yoast.com\/product\/yoast-seo-wordpress\/ -->\n<title>Mentions l\u00e9gales - SYNERGICA<\/title>\n<meta name=\"robots\" content=\"index, follow, max-snippet:-1, max-image-preview:large, max-video-preview:-1\" \/>\n<link rel=\"canonical\" href=\"https:\/\/synergica.fr\/en\/mentions-legales\/\" \/>\n<meta property=\"og:locale\" content=\"en_GB\" \/>\n<meta property=\"og:type\" content=\"article\" \/>\n<meta property=\"og:title\" content=\"Mentions l\u00e9gales - SYNERGICA\" \/>\n<meta property=\"og:description\" content=\"EDITION Le site synergica.fr est la propri\u00e9t\u00e9 pleine et enti\u00e8re de SYNERGICA. SYNERGICA SIRET : 44198393900022 Num\u00e9ro T.V.A : FR47441983939 Si\u00e8ge social : RUE DES VOSGES 90150 FOUSSEMAGNE MARQUES \u2013 PROPRI\u00c9T\u00c9 INTELLECTUELLE Tous les noms et marques de produits ou autres marques cit\u00e9s sur ce site sont d\u00e9pos\u00e9s par leurs propri\u00e9taires respectifs. Les sources mentionn\u00e9es [&hellip;]\" \/>\n<meta property=\"og:url\" content=\"https:\/\/synergica.fr\/en\/mentions-legales\/\" \/>\n<meta property=\"og:site_name\" content=\"SYNERGICA\" \/>\n<meta property=\"article:modified_time\" content=\"2023-07-11T10:06:37+00:00\" \/>\n<meta property=\"og:image\" content=\"https:\/\/prod.synergica.fr\/wp-content\/uploads\/2022\/08\/Rectangle-26.svg\" \/>\n<meta name=\"twitter:card\" content=\"summary_large_image\" \/>\n<meta name=\"twitter:label1\" content=\"Estimated reading time\" \/>\n\t<meta name=\"twitter:data1\" content=\"3 minutes\" \/>\n<script type=\"application\/ld+json\" class=\"yoast-schema-graph\">{\"@context\":\"https:\\\/\\\/schema.org\",\"@graph\":[{\"@type\":\"WebPage\",\"@id\":\"https:\\\/\\\/synergica.fr\\\/mentions-legales\\\/\",\"url\":\"https:\\\/\\\/synergica.fr\\\/mentions-legales\\\/\",\"name\":\"Mentions l\u00e9gales - SYNERGICA\",\"isPartOf\":{\"@id\":\"https:\\\/\\\/synergica.fr\\\/#website\"},\"primaryImageOfPage\":{\"@id\":\"https:\\\/\\\/synergica.fr\\\/mentions-legales\\\/#primaryimage\"},\"image\":{\"@id\":\"https:\\\/\\\/synergica.fr\\\/mentions-legales\\\/#primaryimage\"},\"thumbnailUrl\":\"https:\\\/\\\/prod.synergica.fr\\\/wp-content\\\/uploads\\\/2022\\\/08\\\/Rectangle-26.svg\",\"datePublished\":\"2022-07-29T13:02:50+00:00\",\"dateModified\":\"2023-07-11T10:06:37+00:00\",\"breadcrumb\":{\"@id\":\"https:\\\/\\\/synergica.fr\\\/mentions-legales\\\/#breadcrumb\"},\"inLanguage\":\"en-GB\",\"potentialAction\":[{\"@type\":\"ReadAction\",\"target\":[\"https:\\\/\\\/synergica.fr\\\/mentions-legales\\\/\"]}]},{\"@type\":\"ImageObject\",\"inLanguage\":\"en-GB\",\"@id\":\"https:\\\/\\\/synergica.fr\\\/mentions-legales\\\/#primaryimage\",\"url\":\"https:\\\/\\\/prod.synergica.fr\\\/wp-content\\\/uploads\\\/2022\\\/08\\\/Rectangle-26.svg\",\"contentUrl\":\"https:\\\/\\\/prod.synergica.fr\\\/wp-content\\\/uploads\\\/2022\\\/08\\\/Rectangle-26.svg\"},{\"@type\":\"BreadcrumbList\",\"@id\":\"https:\\\/\\\/synergica.fr\\\/mentions-legales\\\/#breadcrumb\",\"itemListElement\":[{\"@type\":\"ListItem\",\"position\":1,\"name\":\"Accueil\",\"item\":\"https:\\\/\\\/synergica.fr\\\/\"},{\"@type\":\"ListItem\",\"position\":2,\"name\":\"Mentions l\u00e9gales\"}]},{\"@type\":\"WebSite\",\"@id\":\"https:\\\/\\\/synergica.fr\\\/#website\",\"url\":\"https:\\\/\\\/synergica.fr\\\/\",\"name\":\"SYNERGICA\",\"description\":\"\",\"publisher\":{\"@id\":\"https:\\\/\\\/synergica.fr\\\/#organization\"},\"potentialAction\":[{\"@type\":\"SearchAction\",\"target\":{\"@type\":\"EntryPoint\",\"urlTemplate\":\"https:\\\/\\\/synergica.fr\\\/?s={search_term_string}\"},\"query-input\":{\"@type\":\"PropertyValueSpecification\",\"valueRequired\":true,\"valueName\":\"search_term_string\"}}],\"inLanguage\":\"en-GB\"},{\"@type\":\"Organization\",\"@id\":\"https:\\\/\\\/synergica.fr\\\/#organization\",\"name\":\"SYNERGICA\",\"url\":\"https:\\\/\\\/synergica.fr\\\/\",\"logo\":{\"@type\":\"ImageObject\",\"inLanguage\":\"en-GB\",\"@id\":\"https:\\\/\\\/synergica.fr\\\/#\\\/schema\\\/logo\\\/image\\\/\",\"url\":\"https:\\\/\\\/synergica.fr\\\/wp-content\\\/uploads\\\/2022\\\/10\\\/logo_synergica.svg\",\"contentUrl\":\"https:\\\/\\\/synergica.fr\\\/wp-content\\\/uploads\\\/2022\\\/10\\\/logo_synergica.svg\",\"width\":219.221,\"height\":50.64,\"caption\":\"SYNERGICA\"},\"image\":{\"@id\":\"https:\\\/\\\/synergica.fr\\\/#\\\/schema\\\/logo\\\/image\\\/\"}}]}<\/script>\n<!-- \/ Yoast SEO plugin. -->","yoast_head_json":{"title":"Mentions l\u00e9gales - SYNERGICA","robots":{"index":"index","follow":"follow","max-snippet":"max-snippet:-1","max-image-preview":"max-image-preview:large","max-video-preview":"max-video-preview:-1"},"canonical":"https:\/\/synergica.fr\/en\/mentions-legales\/","og_locale":"en_GB","og_type":"article","og_title":"Mentions l\u00e9gales - SYNERGICA","og_description":"EDITION Le site synergica.fr est la propri\u00e9t\u00e9 pleine et enti\u00e8re de SYNERGICA. SYNERGICA SIRET : 44198393900022 Num\u00e9ro T.V.A : FR47441983939 Si\u00e8ge social : RUE DES VOSGES 90150 FOUSSEMAGNE MARQUES \u2013 PROPRI\u00c9T\u00c9 INTELLECTUELLE Tous les noms et marques de produits ou autres marques cit\u00e9s sur ce site sont d\u00e9pos\u00e9s par leurs propri\u00e9taires respectifs. Les sources mentionn\u00e9es [&hellip;]","og_url":"https:\/\/synergica.fr\/en\/mentions-legales\/","og_site_name":"SYNERGICA","article_modified_time":"2023-07-11T10:06:37+00:00","og_image":[{"url":"https:\/\/prod.synergica.fr\/wp-content\/uploads\/2022\/08\/Rectangle-26.svg","type":"","width":"","height":""}],"twitter_card":"summary_large_image","twitter_misc":{"Estimated reading time":"3 minutes"},"schema":{"@context":"https:\/\/schema.org","@graph":[{"@type":"WebPage","@id":"https:\/\/synergica.fr\/mentions-legales\/","url":"https:\/\/synergica.fr\/mentions-legales\/","name":"Mentions l\u00e9gales - SYNERGICA","isPartOf":{"@id":"https:\/\/synergica.fr\/#website"},"primaryImageOfPage":{"@id":"https:\/\/synergica.fr\/mentions-legales\/#primaryimage"},"image":{"@id":"https:\/\/synergica.fr\/mentions-legales\/#primaryimage"},"thumbnailUrl":"https:\/\/prod.synergica.fr\/wp-content\/uploads\/2022\/08\/Rectangle-26.svg","datePublished":"2022-07-29T13:02:50+00:00","dateModified":"2023-07-11T10:06:37+00:00","breadcrumb":{"@id":"https:\/\/synergica.fr\/mentions-legales\/#breadcrumb"},"inLanguage":"en-GB","potentialAction":[{"@type":"ReadAction","target":["https:\/\/synergica.fr\/mentions-legales\/"]}]},{"@type":"ImageObject","inLanguage":"en-GB","@id":"https:\/\/synergica.fr\/mentions-legales\/#primaryimage","url":"https:\/\/prod.synergica.fr\/wp-content\/uploads\/2022\/08\/Rectangle-26.svg","contentUrl":"https:\/\/prod.synergica.fr\/wp-content\/uploads\/2022\/08\/Rectangle-26.svg"},{"@type":"BreadcrumbList","@id":"https:\/\/synergica.fr\/mentions-legales\/#breadcrumb","itemListElement":[{"@type":"ListItem","position":1,"name":"Accueil","item":"https:\/\/synergica.fr\/"},{"@type":"ListItem","position":2,"name":"Mentions l\u00e9gales"}]},{"@type":"WebSite","@id":"https:\/\/synergica.fr\/#website","url":"https:\/\/synergica.fr\/","name":"SYNERGICA","description":"","publisher":{"@id":"https:\/\/synergica.fr\/#organization"},"potentialAction":[{"@type":"SearchAction","target":{"@type":"EntryPoint","urlTemplate":"https:\/\/synergica.fr\/?s={search_term_string}"},"query-input":{"@type":"PropertyValueSpecification","valueRequired":true,"valueName":"search_term_string"}}],"inLanguage":"en-GB"},{"@type":"Organization","@id":"https:\/\/synergica.fr\/#organization","name":"SYNERGICA","url":"https:\/\/synergica.fr\/","logo":{"@type":"ImageObject","inLanguage":"en-GB","@id":"https:\/\/synergica.fr\/#\/schema\/logo\/image\/","url":"https:\/\/synergica.fr\/wp-content\/uploads\/2022\/10\/logo_synergica.svg","contentUrl":"https:\/\/synergica.fr\/wp-content\/uploads\/2022\/10\/logo_synergica.svg","width":219.221,"height":50.64,"caption":"SYNERGICA"},"image":{"@id":"https:\/\/synergica.fr\/#\/schema\/logo\/image\/"}}]}},"_links":{"self":[{"href":"https:\/\/synergica.fr\/en\/wp-json\/wp\/v2\/pages\/154","targetHints":{"allow":["GET"]}}],"collection":[{"href":"https:\/\/synergica.fr\/en\/wp-json\/wp\/v2\/pages"}],"about":[{"href":"https:\/\/synergica.fr\/en\/wp-json\/wp\/v2\/types\/page"}],"author":[{"embeddable":true,"href":"https:\/\/synergica.fr\/en\/wp-json\/wp\/v2\/users\/2"}],"replies":[{"embeddable":true,"href":"https:\/\/synergica.fr\/en\/wp-json\/wp\/v2\/comments?post=154"}],"version-history":[{"count":3,"href":"https:\/\/synergica.fr\/en\/wp-json\/wp\/v2\/pages\/154\/revisions"}],"predecessor-version":[{"id":10903,"href":"https:\/\/synergica.fr\/en\/wp-json\/wp\/v2\/pages\/154\/revisions\/10903"}],"wp:attachment":[{"href":"https:\/\/synergica.fr\/en\/wp-json\/wp\/v2\/media?parent=154"}],"curies":[{"name":"wp","href":"https:\/\/api.w.org\/{rel}","templated":true}]}}