{"id":34,"date":"2022-07-29T14:53:07","date_gmt":"2022-07-29T12:53:07","guid":{"rendered":"https:\/\/pre-prod.sofimeca.com\/nos-valeurs\/"},"modified":"2023-07-28T18:35:56","modified_gmt":"2023-07-28T16:35:56","slug":"nos-valeurs","status":"publish","type":"page","link":"https:\/\/synergica.fr\/en\/a-propos\/nos-valeurs\/","title":{"rendered":"Our values"},"content":{"rendered":"<div data-elementor-type=\"wp-page\" data-elementor-id=\"34\" class=\"elementor elementor-34\" data-elementor-post-type=\"page\">\n\t\t\t\t\t\t<section class=\"elementor-section elementor-top-section elementor-element elementor-element-d04b9ce elementor-section-height-min-height elementor-section-boxed elementor-section-height-default elementor-section-items-middle\" data-id=\"d04b9ce\" data-element_type=\"section\" data-e-type=\"section\" data-settings=\"{&quot;background_background&quot;:&quot;classic&quot;}\">\n\t\t\t\t\t\t\t<div class=\"elementor-background-overlay\"><\/div>\n\t\t\t\t\t\t\t<div class=\"elementor-container elementor-column-gap-default\">\n\t\t\t\t\t<div class=\"elementor-column elementor-col-100 elementor-top-column elementor-element elementor-element-530b26f\" data-id=\"530b26f\" data-element_type=\"column\" data-e-type=\"column\">\n\t\t\t<div class=\"elementor-widget-wrap elementor-element-populated\">\n\t\t\t\t\t\t<div class=\"elementor-element elementor-element-387cf77 elementor-widget__width-auto elementor-widget-tablet__width-auto elementor-hidden-mobile elementor-widget elementor-widget-image\" data-id=\"387cf77\" data-element_type=\"widget\" data-e-type=\"widget\" data-widget_type=\"image.default\">\n\t\t\t\t<div class=\"elementor-widget-container\">\n\t\t\t\t\t\t\t\t\t\t\t\t\t\t\t<img decoding=\"async\" width=\"30\" height=\"2\" src=\"https:\/\/synergica.fr\/wp-content\/uploads\/2022\/08\/Rectangle-26.svg\" class=\"attachment-large size-large wp-image-3064\" alt=\"\" \/>\t\t\t\t\t\t\t\t\t\t\t\t\t\t\t<\/div>\n\t\t\t\t<\/div>\n\t\t\t\t<div class=\"elementor-element elementor-element-e646231 elementor-widget-tablet__width-auto py-20 elementor-widget elementor-widget-heading\" data-id=\"e646231\" data-element_type=\"widget\" data-e-type=\"widget\" data-widget_type=\"heading.default\">\n\t\t\t\t<div class=\"elementor-widget-container\">\n\t\t\t\t\t<h2 class=\"elementor-heading-title elementor-size-default\">Our values<\/h2>\t\t\t\t<\/div>\n\t\t\t\t<\/div>\n\t\t\t\t\t<\/div>\n\t\t<\/div>\n\t\t\t\t\t<\/div>\n\t\t<\/section>\n\t\t\t\t<section class=\"elementor-section elementor-top-section elementor-element elementor-element-609145d elementor-section-boxed elementor-section-height-default elementor-section-height-default\" data-id=\"609145d\" data-element_type=\"section\" data-e-type=\"section\" data-settings=\"{&quot;background_background&quot;:&quot;classic&quot;}\">\n\t\t\t\t\t\t<div class=\"elementor-container elementor-column-gap-no\">\n\t\t\t\t\t<div class=\"elementor-column elementor-col-33 elementor-top-column elementor-element elementor-element-95c3fc1\" data-id=\"95c3fc1\" data-element_type=\"column\" data-e-type=\"column\">\n\t\t\t<div class=\"elementor-widget-wrap elementor-element-populated\">\n\t\t\t\t\t\t<div class=\"elementor-element elementor-element-e8bb626 elementor-hidden-mobile elementor-hidden-tablet elementor-widget-divider--view-line elementor-widget elementor-widget-divider\" data-id=\"e8bb626\" data-element_type=\"widget\" data-e-type=\"widget\" data-widget_type=\"divider.default\">\n\t\t\t\t<div class=\"elementor-widget-container\">\n\t\t\t\t\t\t\t<div class=\"elementor-divider\">\n\t\t\t<span class=\"elementor-divider-separator\">\n\t\t\t\t\t\t<\/span>\n\t\t<\/div>\n\t\t\t\t\t\t<\/div>\n\t\t\t\t<\/div>\n\t\t\t\t<div class=\"elementor-element elementor-element-9fc20fc elementor-widget elementor-widget-heading\" data-id=\"9fc20fc\" data-element_type=\"widget\" data-e-type=\"widget\" data-widget_type=\"heading.default\">\n\t\t\t\t<div class=\"elementor-widget-container\">\n\t\t\t\t\t<h2 class=\"elementor-heading-title elementor-size-default\"><span style=\"color:#0E8AFD\">\"<\/span>  A company is only as good as the people it keeps <span style=\"color:#0E8AFD\">\"<\/span><\/h2>\t\t\t\t<\/div>\n\t\t\t\t<\/div>\n\t\t\t\t<div class=\"elementor-element elementor-element-a155d7a elementor-widget elementor-widget-heading\" data-id=\"a155d7a\" data-element_type=\"widget\" data-e-type=\"widget\" data-widget_type=\"heading.default\">\n\t\t\t\t<div class=\"elementor-widget-container\">\n\t\t\t\t\t<div class=\"elementor-heading-title elementor-size-default\">Mary Kay Ash<\/div>\t\t\t\t<\/div>\n\t\t\t\t<\/div>\n\t\t\t\t\t<\/div>\n\t\t<\/div>\n\t\t\t\t<div class=\"elementor-column elementor-col-33 elementor-top-column elementor-element elementor-element-1c17cf0\" data-id=\"1c17cf0\" data-element_type=\"column\" data-e-type=\"column\">\n\t\t\t<div class=\"elementor-widget-wrap elementor-element-populated\">\n\t\t\t\t\t\t<div class=\"elementor-element elementor-element-8027beb elementor-widget elementor-widget-jet-animated-box\" data-id=\"8027beb\" data-element_type=\"widget\" data-e-type=\"widget\" data-widget_type=\"jet-animated-box.default\">\n\t\t\t\t<div class=\"elementor-widget-container\">\n\t\t\t\t\t<div class=\"elementor-jet-animated-box jet-elements\"><div id=\"jet-animated-box-8027beb\" class=\"jet-animated-box jet-box-effect-2\" data-settings='{&quot;widgetId&quot;:&quot;8027beb&quot;,&quot;switchEventType&quot;:&quot;hover&quot;,&quot;paperFoldDirection&quot;:&quot;left&quot;,&quot;slideOutDirection&quot;:&quot;left&quot;,&quot;peelCornerPosition&quot;:&quot;right&quot;}'>\n\t<div id=\"jet-animated-box__front-8027beb\" class=\"jet-animated-box__front\">\n\t\t<div class=\"jet-animated-box__inner\"><div class=\"jet-animated-box__content\"><h4 class=\"jet-animated-box__subtitle jet-animated-box__subtitle--front\">Rigor<\/h4><\/div><\/div>\n\t\t<div class=\"jet-animated-box__overlay\"><\/div><\/div>\n\t<div id=\"jet-animated-box__back-8027beb\" class=\"jet-animated-box__back\">\n\t\t<div class=\"jet-animated-box__inner\"><div class=\"jet-animated-box__content\"><h4 class=\"jet-animated-box__subtitle jet-animated-box__subtitle--back\">Rigor<\/h4><p class=\"jet-animated-box__description jet-animated-box__description--back\">Our certifications and the demands of the markets we serve mean we have to be accurate and organized to meet our commitments.<\/p><\/div><\/div>\n\t\t<div class=\"jet-animated-box__overlay\"><\/div><\/div>\n<\/div>\n<\/div>\t\t\t\t<\/div>\n\t\t\t\t<\/div>\n\t\t\t\t\t<\/div>\n\t\t<\/div>\n\t\t\t\t<div class=\"elementor-column elementor-col-33 elementor-top-column elementor-element elementor-element-35844ab\" data-id=\"35844ab\" data-element_type=\"column\" data-e-type=\"column\">\n\t\t\t<div class=\"elementor-widget-wrap elementor-element-populated\">\n\t\t\t\t\t\t<div class=\"elementor-element elementor-element-4ebffdf elementor-widget elementor-widget-jet-animated-box\" data-id=\"4ebffdf\" data-element_type=\"widget\" data-e-type=\"widget\" data-widget_type=\"jet-animated-box.default\">\n\t\t\t\t<div class=\"elementor-widget-container\">\n\t\t\t\t\t<div class=\"elementor-jet-animated-box jet-elements\"><div id=\"jet-animated-box-4ebffdf\" class=\"jet-animated-box jet-box-effect-2\" data-settings='{&quot;widgetId&quot;:&quot;4ebffdf&quot;,&quot;switchEventType&quot;:&quot;hover&quot;,&quot;paperFoldDirection&quot;:&quot;left&quot;,&quot;slideOutDirection&quot;:&quot;left&quot;,&quot;peelCornerPosition&quot;:&quot;right&quot;}'>\n\t<div id=\"jet-animated-box__front-4ebffdf\" class=\"jet-animated-box__front\">\n\t\t<div class=\"jet-animated-box__inner\"><div class=\"jet-animated-box__content\"><h4 class=\"jet-animated-box__subtitle jet-animated-box__subtitle--front\">Esprit d'\u00e9quipe<\/h4><\/div><\/div>\n\t\t<div class=\"jet-animated-box__overlay\"><\/div><\/div>\n\t<div id=\"jet-animated-box__back-4ebffdf\" class=\"jet-animated-box__back\">\n\t\t<div class=\"jet-animated-box__inner\"><div class=\"jet-animated-box__content\"><h4 class=\"jet-animated-box__subtitle jet-animated-box__subtitle--back\">Esprit d'\u00e9quipe<\/h4><p class=\"jet-animated-box__description jet-animated-box__description--back\">As a team, we respond to your needs with our know-how, expertise and knowledge of our fields. We aim to be a trusted partner who listens to its customers, with a continuous improvement approach.<\/p><\/div><\/div>\n\t\t<div class=\"jet-animated-box__overlay\"><\/div><\/div>\n<\/div>\n<\/div>\t\t\t\t<\/div>\n\t\t\t\t<\/div>\n\t\t\t\t\t<\/div>\n\t\t<\/div>\n\t\t\t\t\t<\/div>\n\t\t<\/section>\n\t\t\t\t<section class=\"elementor-section elementor-top-section elementor-element elementor-element-33c5c30 elementor-section-boxed elementor-section-height-default elementor-section-height-default\" data-id=\"33c5c30\" data-element_type=\"section\" data-e-type=\"section\" data-settings=\"{&quot;background_background&quot;:&quot;classic&quot;}\">\n\t\t\t\t\t\t<div class=\"elementor-container elementor-column-gap-no\">\n\t\t\t\t\t<div class=\"elementor-column elementor-col-33 elementor-top-column elementor-element elementor-element-ab062dc\" data-id=\"ab062dc\" data-element_type=\"column\" data-e-type=\"column\">\n\t\t\t<div class=\"elementor-widget-wrap\">\n\t\t\t\t\t\t\t<\/div>\n\t\t<\/div>\n\t\t\t\t<div class=\"elementor-column elementor-col-33 elementor-top-column elementor-element elementor-element-bbaf201\" data-id=\"bbaf201\" data-element_type=\"column\" data-e-type=\"column\">\n\t\t\t<div class=\"elementor-widget-wrap elementor-element-populated\">\n\t\t\t\t\t\t<div class=\"elementor-element elementor-element-329de12 elementor-widget elementor-widget-jet-animated-box\" data-id=\"329de12\" data-element_type=\"widget\" data-e-type=\"widget\" data-widget_type=\"jet-animated-box.default\">\n\t\t\t\t<div class=\"elementor-widget-container\">\n\t\t\t\t\t<div class=\"elementor-jet-animated-box jet-elements\"><div id=\"jet-animated-box-329de12\" class=\"jet-animated-box jet-box-effect-8\" data-settings='{&quot;widgetId&quot;:&quot;329de12&quot;,&quot;switchEventType&quot;:&quot;hover&quot;,&quot;paperFoldDirection&quot;:&quot;left&quot;,&quot;slideOutDirection&quot;:&quot;left&quot;,&quot;peelCornerPosition&quot;:&quot;right&quot;}'>\n\t<div id=\"jet-animated-box__front-329de12\" class=\"jet-animated-box__front\">\n\t\t<div class=\"jet-animated-box__inner\"><div class=\"jet-animated-box__content\"><h4 class=\"jet-animated-box__subtitle jet-animated-box__subtitle--front\">Quality<\/h4><\/div><\/div>\n\t\t<div class=\"jet-animated-box__overlay\"><\/div><\/div>\n\t<div id=\"jet-animated-box__back-329de12\" class=\"jet-animated-box__back\">\n\t\t<div class=\"jet-animated-box__inner\"><div class=\"jet-animated-box__content\"><h4 class=\"jet-animated-box__subtitle jet-animated-box__subtitle--back\">Quality<\/h4><p class=\"jet-animated-box__description jet-animated-box__description--back\">We put the quality of our products ahead of all other considerations, and take responsibility for each and every one of our collaborators.<\/p><\/div><\/div>\n\t\t<div class=\"jet-animated-box__overlay\"><\/div><\/div>\n<\/div>\n<\/div>\t\t\t\t<\/div>\n\t\t\t\t<\/div>\n\t\t\t\t\t<\/div>\n\t\t<\/div>\n\t\t\t\t<div class=\"elementor-column elementor-col-33 elementor-top-column elementor-element elementor-element-d9ead4a\" data-id=\"d9ead4a\" data-element_type=\"column\" data-e-type=\"column\">\n\t\t\t<div class=\"elementor-widget-wrap elementor-element-populated\">\n\t\t\t\t\t\t<div class=\"elementor-element elementor-element-01cd71d elementor-widget elementor-widget-jet-animated-box\" data-id=\"01cd71d\" data-element_type=\"widget\" data-e-type=\"widget\" data-widget_type=\"jet-animated-box.default\">\n\t\t\t\t<div class=\"elementor-widget-container\">\n\t\t\t\t\t<div class=\"elementor-jet-animated-box jet-elements\"><div id=\"jet-animated-box-01cd71d\" class=\"jet-animated-box jet-box-effect-8\" data-settings='{&quot;widgetId&quot;:&quot;01cd71d&quot;,&quot;switchEventType&quot;:&quot;hover&quot;,&quot;paperFoldDirection&quot;:&quot;left&quot;,&quot;slideOutDirection&quot;:&quot;left&quot;,&quot;peelCornerPosition&quot;:&quot;right&quot;}'>\n\t<div id=\"jet-animated-box__front-01cd71d\" class=\"jet-animated-box__front\">\n\t\t<div class=\"jet-animated-box__inner\"><div class=\"jet-animated-box__content\"><h4 class=\"jet-animated-box__subtitle jet-animated-box__subtitle--front\">Continuous improvement<\/h4><\/div><\/div>\n\t\t<div class=\"jet-animated-box__overlay\"><\/div><\/div>\n\t<div id=\"jet-animated-box__back-01cd71d\" class=\"jet-animated-box__back\">\n\t\t<div class=\"jet-animated-box__inner\"><div class=\"jet-animated-box__content\"><h4 class=\"jet-animated-box__subtitle jet-animated-box__subtitle--back\">Continuous improvement<\/h4><p class=\"jet-animated-box__description jet-animated-box__description--back\">The involvement of the entire team in a continuous improvement process enables us to propose and implement technically and economically relevant solutions.<\/p><\/div><\/div>\n\t\t<div class=\"jet-animated-box__overlay\"><\/div><\/div>\n<\/div>\n<\/div>\t\t\t\t<\/div>\n\t\t\t\t<\/div>\n\t\t\t\t\t<\/div>\n\t\t<\/div>\n\t\t\t\t\t<\/div>\n\t\t<\/section>\n\t\t\t\t<\/div>","protected":false},"excerpt":{"rendered":"<p>\u00a0\u00bb La valeur d&rsquo;une entreprise se mesure \u00e0 celle de ses employ\u00e9s. \u00ab\u00a0 Mary Kay Ash Rigueur Rigueur Nos certifications et l\u2019exigence des march\u00e9s que nous adressons nous impose d\u2019\u00eatre minutieux et organiser pour respecter de engagements. Esprit d&rsquo;\u00e9quipe Esprit d&rsquo;\u00e9quipe En \u00e9quipe nous r\u00e9pondons \u00e0 vos besoins par notre savoir-faire, l\u2019expertise et la connaissance [&hellip;]<\/p>\n","protected":false},"author":2,"featured_media":0,"parent":94,"menu_order":0,"comment_status":"closed","ping_status":"closed","template":"","meta":{"footnotes":""},"class_list":["post-34","page","type-page","status-publish","hentry"],"yoast_head":"<!-- This site is optimized with the Yoast SEO plugin v27.3 - https:\/\/yoast.com\/product\/yoast-seo-wordpress\/ -->\n<title>Nos valeurs - SYNERGICA<\/title>\n<meta name=\"description\" content=\"Synergica, Les sp\u00e9cialistes franc-comtois du d\u00e9veloppement et de la fabrication de composants \u00e9lectroniques et \u00e9lectrom\u00e9caniques.\" \/>\n<meta name=\"robots\" content=\"index, follow, max-snippet:-1, max-image-preview:large, max-video-preview:-1\" \/>\n<link rel=\"canonical\" href=\"https:\/\/synergica.fr\/en\/a-propos\/nos-valeurs\/\" \/>\n<meta property=\"og:locale\" content=\"en_GB\" \/>\n<meta property=\"og:type\" content=\"article\" \/>\n<meta property=\"og:title\" content=\"Nos valeurs - SYNERGICA\" \/>\n<meta property=\"og:description\" content=\"Synergica, Les sp\u00e9cialistes franc-comtois du d\u00e9veloppement et de la fabrication de composants \u00e9lectroniques et \u00e9lectrom\u00e9caniques.\" \/>\n<meta property=\"og:url\" content=\"https:\/\/synergica.fr\/en\/a-propos\/nos-valeurs\/\" \/>\n<meta property=\"og:site_name\" content=\"SYNERGICA\" \/>\n<meta property=\"article:modified_time\" content=\"2023-07-28T16:35:56+00:00\" \/>\n<meta property=\"og:image\" content=\"https:\/\/synergica.fr\/wp-content\/uploads\/2022\/08\/Rectangle-26.svg\" \/>\n<meta name=\"twitter:card\" content=\"summary_large_image\" \/>\n<meta name=\"twitter:label1\" content=\"Estimated reading time\" \/>\n\t<meta name=\"twitter:data1\" content=\"1 minute\" \/>\n<script type=\"application\/ld+json\" class=\"yoast-schema-graph\">{\"@context\":\"https:\\\/\\\/schema.org\",\"@graph\":[{\"@type\":\"WebPage\",\"@id\":\"https:\\\/\\\/synergica.fr\\\/a-propos\\\/nos-valeurs\\\/\",\"url\":\"https:\\\/\\\/synergica.fr\\\/a-propos\\\/nos-valeurs\\\/\",\"name\":\"Nos valeurs - SYNERGICA\",\"isPartOf\":{\"@id\":\"https:\\\/\\\/synergica.fr\\\/#website\"},\"primaryImageOfPage\":{\"@id\":\"https:\\\/\\\/synergica.fr\\\/a-propos\\\/nos-valeurs\\\/#primaryimage\"},\"image\":{\"@id\":\"https:\\\/\\\/synergica.fr\\\/a-propos\\\/nos-valeurs\\\/#primaryimage\"},\"thumbnailUrl\":\"https:\\\/\\\/synergica.fr\\\/wp-content\\\/uploads\\\/2022\\\/08\\\/Rectangle-26.svg\",\"datePublished\":\"2022-07-29T12:53:07+00:00\",\"dateModified\":\"2023-07-28T16:35:56+00:00\",\"description\":\"Synergica, Les sp\u00e9cialistes franc-comtois du d\u00e9veloppement et de la fabrication de composants \u00e9lectroniques et \u00e9lectrom\u00e9caniques.\",\"breadcrumb\":{\"@id\":\"https:\\\/\\\/synergica.fr\\\/a-propos\\\/nos-valeurs\\\/#breadcrumb\"},\"inLanguage\":\"en-GB\",\"potentialAction\":[{\"@type\":\"ReadAction\",\"target\":[\"https:\\\/\\\/synergica.fr\\\/a-propos\\\/nos-valeurs\\\/\"]}]},{\"@type\":\"ImageObject\",\"inLanguage\":\"en-GB\",\"@id\":\"https:\\\/\\\/synergica.fr\\\/a-propos\\\/nos-valeurs\\\/#primaryimage\",\"url\":\"https:\\\/\\\/synergica.fr\\\/wp-content\\\/uploads\\\/2022\\\/08\\\/Rectangle-26.svg\",\"contentUrl\":\"https:\\\/\\\/synergica.fr\\\/wp-content\\\/uploads\\\/2022\\\/08\\\/Rectangle-26.svg\"},{\"@type\":\"BreadcrumbList\",\"@id\":\"https:\\\/\\\/synergica.fr\\\/a-propos\\\/nos-valeurs\\\/#breadcrumb\",\"itemListElement\":[{\"@type\":\"ListItem\",\"position\":1,\"name\":\"Accueil\",\"item\":\"https:\\\/\\\/synergica.fr\\\/\"},{\"@type\":\"ListItem\",\"position\":2,\"name\":\"\u00c0 propos\",\"item\":\"https:\\\/\\\/synergica.fr\\\/a-propos\\\/\"},{\"@type\":\"ListItem\",\"position\":3,\"name\":\"Nos valeurs\"}]},{\"@type\":\"WebSite\",\"@id\":\"https:\\\/\\\/synergica.fr\\\/#website\",\"url\":\"https:\\\/\\\/synergica.fr\\\/\",\"name\":\"SYNERGICA\",\"description\":\"\",\"publisher\":{\"@id\":\"https:\\\/\\\/synergica.fr\\\/#organization\"},\"potentialAction\":[{\"@type\":\"SearchAction\",\"target\":{\"@type\":\"EntryPoint\",\"urlTemplate\":\"https:\\\/\\\/synergica.fr\\\/?s={search_term_string}\"},\"query-input\":{\"@type\":\"PropertyValueSpecification\",\"valueRequired\":true,\"valueName\":\"search_term_string\"}}],\"inLanguage\":\"en-GB\"},{\"@type\":\"Organization\",\"@id\":\"https:\\\/\\\/synergica.fr\\\/#organization\",\"name\":\"SYNERGICA\",\"url\":\"https:\\\/\\\/synergica.fr\\\/\",\"logo\":{\"@type\":\"ImageObject\",\"inLanguage\":\"en-GB\",\"@id\":\"https:\\\/\\\/synergica.fr\\\/#\\\/schema\\\/logo\\\/image\\\/\",\"url\":\"https:\\\/\\\/synergica.fr\\\/wp-content\\\/uploads\\\/2022\\\/10\\\/logo_synergica.svg\",\"contentUrl\":\"https:\\\/\\\/synergica.fr\\\/wp-content\\\/uploads\\\/2022\\\/10\\\/logo_synergica.svg\",\"width\":219.221,\"height\":50.64,\"caption\":\"SYNERGICA\"},\"image\":{\"@id\":\"https:\\\/\\\/synergica.fr\\\/#\\\/schema\\\/logo\\\/image\\\/\"}}]}<\/script>\n<!-- \/ Yoast SEO plugin. -->","yoast_head_json":{"title":"Nos valeurs - SYNERGICA","description":"Synergica, Les sp\u00e9cialistes franc-comtois du d\u00e9veloppement et de la fabrication de composants \u00e9lectroniques et \u00e9lectrom\u00e9caniques.","robots":{"index":"index","follow":"follow","max-snippet":"max-snippet:-1","max-image-preview":"max-image-preview:large","max-video-preview":"max-video-preview:-1"},"canonical":"https:\/\/synergica.fr\/en\/a-propos\/nos-valeurs\/","og_locale":"en_GB","og_type":"article","og_title":"Nos valeurs - SYNERGICA","og_description":"Synergica, Les sp\u00e9cialistes franc-comtois du d\u00e9veloppement et de la fabrication de composants \u00e9lectroniques et \u00e9lectrom\u00e9caniques.","og_url":"https:\/\/synergica.fr\/en\/a-propos\/nos-valeurs\/","og_site_name":"SYNERGICA","article_modified_time":"2023-07-28T16:35:56+00:00","og_image":[{"url":"https:\/\/synergica.fr\/wp-content\/uploads\/2022\/08\/Rectangle-26.svg","type":"","width":"","height":""}],"twitter_card":"summary_large_image","twitter_misc":{"Estimated reading time":"1 minute"},"schema":{"@context":"https:\/\/schema.org","@graph":[{"@type":"WebPage","@id":"https:\/\/synergica.fr\/a-propos\/nos-valeurs\/","url":"https:\/\/synergica.fr\/a-propos\/nos-valeurs\/","name":"Nos valeurs - SYNERGICA","isPartOf":{"@id":"https:\/\/synergica.fr\/#website"},"primaryImageOfPage":{"@id":"https:\/\/synergica.fr\/a-propos\/nos-valeurs\/#primaryimage"},"image":{"@id":"https:\/\/synergica.fr\/a-propos\/nos-valeurs\/#primaryimage"},"thumbnailUrl":"https:\/\/synergica.fr\/wp-content\/uploads\/2022\/08\/Rectangle-26.svg","datePublished":"2022-07-29T12:53:07+00:00","dateModified":"2023-07-28T16:35:56+00:00","description":"Synergica, Les sp\u00e9cialistes franc-comtois du d\u00e9veloppement et de la fabrication de composants \u00e9lectroniques et \u00e9lectrom\u00e9caniques.","breadcrumb":{"@id":"https:\/\/synergica.fr\/a-propos\/nos-valeurs\/#breadcrumb"},"inLanguage":"en-GB","potentialAction":[{"@type":"ReadAction","target":["https:\/\/synergica.fr\/a-propos\/nos-valeurs\/"]}]},{"@type":"ImageObject","inLanguage":"en-GB","@id":"https:\/\/synergica.fr\/a-propos\/nos-valeurs\/#primaryimage","url":"https:\/\/synergica.fr\/wp-content\/uploads\/2022\/08\/Rectangle-26.svg","contentUrl":"https:\/\/synergica.fr\/wp-content\/uploads\/2022\/08\/Rectangle-26.svg"},{"@type":"BreadcrumbList","@id":"https:\/\/synergica.fr\/a-propos\/nos-valeurs\/#breadcrumb","itemListElement":[{"@type":"ListItem","position":1,"name":"Accueil","item":"https:\/\/synergica.fr\/"},{"@type":"ListItem","position":2,"name":"\u00c0 propos","item":"https:\/\/synergica.fr\/a-propos\/"},{"@type":"ListItem","position":3,"name":"Nos valeurs"}]},{"@type":"WebSite","@id":"https:\/\/synergica.fr\/#website","url":"https:\/\/synergica.fr\/","name":"SYNERGICA","description":"","publisher":{"@id":"https:\/\/synergica.fr\/#organization"},"potentialAction":[{"@type":"SearchAction","target":{"@type":"EntryPoint","urlTemplate":"https:\/\/synergica.fr\/?s={search_term_string}"},"query-input":{"@type":"PropertyValueSpecification","valueRequired":true,"valueName":"search_term_string"}}],"inLanguage":"en-GB"},{"@type":"Organization","@id":"https:\/\/synergica.fr\/#organization","name":"SYNERGICA","url":"https:\/\/synergica.fr\/","logo":{"@type":"ImageObject","inLanguage":"en-GB","@id":"https:\/\/synergica.fr\/#\/schema\/logo\/image\/","url":"https:\/\/synergica.fr\/wp-content\/uploads\/2022\/10\/logo_synergica.svg","contentUrl":"https:\/\/synergica.fr\/wp-content\/uploads\/2022\/10\/logo_synergica.svg","width":219.221,"height":50.64,"caption":"SYNERGICA"},"image":{"@id":"https:\/\/synergica.fr\/#\/schema\/logo\/image\/"}}]}},"_links":{"self":[{"href":"https:\/\/synergica.fr\/en\/wp-json\/wp\/v2\/pages\/34","targetHints":{"allow":["GET"]}}],"collection":[{"href":"https:\/\/synergica.fr\/en\/wp-json\/wp\/v2\/pages"}],"about":[{"href":"https:\/\/synergica.fr\/en\/wp-json\/wp\/v2\/types\/page"}],"author":[{"embeddable":true,"href":"https:\/\/synergica.fr\/en\/wp-json\/wp\/v2\/users\/2"}],"replies":[{"embeddable":true,"href":"https:\/\/synergica.fr\/en\/wp-json\/wp\/v2\/comments?post=34"}],"version-history":[{"count":46,"href":"https:\/\/synergica.fr\/en\/wp-json\/wp\/v2\/pages\/34\/revisions"}],"predecessor-version":[{"id":11275,"href":"https:\/\/synergica.fr\/en\/wp-json\/wp\/v2\/pages\/34\/revisions\/11275"}],"up":[{"embeddable":true,"href":"https:\/\/synergica.fr\/en\/wp-json\/wp\/v2\/pages\/94"}],"wp:attachment":[{"href":"https:\/\/synergica.fr\/en\/wp-json\/wp\/v2\/media?parent=34"}],"curies":[{"name":"wp","href":"https:\/\/api.w.org\/{rel}","templated":true}]}}