{"id":8052,"date":"2022-10-10T21:50:19","date_gmt":"2022-10-10T19:50:19","guid":{"rendered":"https:\/\/prepa-synergica.instawp.xyz\/?page_id=8052"},"modified":"2023-07-15T20:06:16","modified_gmt":"2023-07-15T18:06:16","slug":"coffrets-armoires","status":"publish","type":"page","link":"https:\/\/synergica.fr\/en\/nos-metiers\/coffrets-armoires\/","title":{"rendered":"Cases and cabinets"},"content":{"rendered":"<div data-elementor-type=\"wp-page\" data-elementor-id=\"8052\" class=\"elementor elementor-8052\" data-elementor-post-type=\"page\">\n\t\t\t\t\t\t<section class=\"elementor-section elementor-top-section elementor-element elementor-element-7ad6201 elementor-section-height-min-height elementor-section-boxed elementor-section-height-default elementor-section-items-middle\" data-id=\"7ad6201\" data-element_type=\"section\" data-e-type=\"section\" data-settings=\"{&quot;background_background&quot;:&quot;classic&quot;}\">\n\t\t\t\t\t\t\t<div class=\"elementor-background-overlay\"><\/div>\n\t\t\t\t\t\t\t<div class=\"elementor-container elementor-column-gap-default\">\n\t\t\t\t\t<div class=\"elementor-column elementor-col-100 elementor-top-column elementor-element elementor-element-278ba8e\" data-id=\"278ba8e\" data-element_type=\"column\" data-e-type=\"column\">\n\t\t\t<div class=\"elementor-widget-wrap elementor-element-populated\">\n\t\t\t\t\t\t<div class=\"elementor-element elementor-element-61292e6 elementor-widget__width-auto elementor-widget-tablet__width-auto elementor-hidden-mobile elementor-widget elementor-widget-image\" data-id=\"61292e6\" data-element_type=\"widget\" data-e-type=\"widget\" data-widget_type=\"image.default\">\n\t\t\t\t<div class=\"elementor-widget-container\">\n\t\t\t\t\t\t\t\t\t\t\t\t\t\t\t<img decoding=\"async\" width=\"30\" height=\"2\" src=\"https:\/\/synergica.fr\/wp-content\/uploads\/2022\/08\/Rectangle-26.svg\" class=\"attachment-large size-large wp-image-3064\" alt=\"\" \/>\t\t\t\t\t\t\t\t\t\t\t\t\t\t\t<\/div>\n\t\t\t\t<\/div>\n\t\t\t\t<div class=\"elementor-element elementor-element-10cc504 elementor-widget-tablet__width-auto py-20 elementor-widget elementor-widget-heading\" data-id=\"10cc504\" data-element_type=\"widget\" data-e-type=\"widget\" data-widget_type=\"heading.default\">\n\t\t\t\t<div class=\"elementor-widget-container\">\n\t\t\t\t\t<h2 class=\"elementor-heading-title elementor-size-default\">Cases and cabinets<\/h2>\t\t\t\t<\/div>\n\t\t\t\t<\/div>\n\t\t\t\t\t<\/div>\n\t\t<\/div>\n\t\t\t\t\t<\/div>\n\t\t<\/section>\n\t\t\t\t<section class=\"elementor-section elementor-top-section elementor-element elementor-element-da9073b elementor-section-height-min-height elementor-section-items-stretch elementor-section-full_width elementor-section-content-middle elementor-section-stretched elementor-reverse-mobile elementor-section-height-default\" data-id=\"da9073b\" data-element_type=\"section\" data-e-type=\"section\" data-settings=\"{&quot;stretch_section&quot;:&quot;section-stretched&quot;}\">\n\t\t\t\t\t\t<div class=\"elementor-container elementor-column-gap-default\">\n\t\t\t\t\t<div class=\"elementor-column elementor-col-50 elementor-top-column elementor-element elementor-element-4f30e20\" data-id=\"4f30e20\" data-element_type=\"column\" data-e-type=\"column\">\n\t\t\t<div class=\"elementor-widget-wrap elementor-element-populated\">\n\t\t\t\t\t\t<section class=\"elementor-section elementor-inner-section elementor-element elementor-element-7232de7 elementor-section-boxed elementor-section-height-default elementor-section-height-default\" data-id=\"7232de7\" data-element_type=\"section\" data-e-type=\"section\">\n\t\t\t\t\t\t<div class=\"elementor-container elementor-column-gap-default\">\n\t\t\t\t\t<div class=\"elementor-column elementor-col-100 elementor-inner-column elementor-element elementor-element-2007d82\" data-id=\"2007d82\" data-element_type=\"column\" data-e-type=\"column\">\n\t\t\t<div class=\"elementor-widget-wrap elementor-element-populated\">\n\t\t\t\t\t\t<div class=\"elementor-element elementor-element-6aa73c7 elementor-widget elementor-widget-heading\" data-id=\"6aa73c7\" data-element_type=\"widget\" data-e-type=\"widget\" data-widget_type=\"heading.default\">\n\t\t\t\t<div class=\"elementor-widget-container\">\n\t\t\t\t\t<h2 class=\"elementor-heading-title elementor-size-default\">ELECTRO-MECHANICAL SUBASSEMBLY\n\n<\/h2>\t\t\t\t<\/div>\n\t\t\t\t<\/div>\n\t\t\t\t<div class=\"elementor-element elementor-element-fc39516 elementor-widget elementor-widget-heading\" data-id=\"fc39516\" data-element_type=\"widget\" data-e-type=\"widget\" data-widget_type=\"heading.default\">\n\t\t\t\t<div class=\"elementor-widget-container\">\n\t\t\t\t\t<h2 class=\"elementor-heading-title elementor-size-default\">C\u00e2blage de boitiers &amp; coffrets \u00e9lectriques<\/h2>\t\t\t\t<\/div>\n\t\t\t\t<\/div>\n\t\t\t\t<div class=\"elementor-element elementor-element-9720d40 elementor-widget elementor-widget-text-editor\" data-id=\"9720d40\" data-element_type=\"widget\" data-e-type=\"widget\" data-widget_type=\"text-editor.default\">\n\t\t\t\t<div class=\"elementor-widget-container\">\n\t\t\t\t\t\t\t\t\t<p>To complete our range of cables, probes and harnesses, we can also help to design and build small cases, junction boxes and other branches to integrate your process.\u00a0<\/p><p>\u00a0<\/p><p>On request and according to your specifications, we can pre-wire electrical boxes and cases in compliance with current standards.<\/p>\t\t\t\t\t\t\t\t<\/div>\n\t\t\t\t<\/div>\n\t\t\t\t\t<\/div>\n\t\t<\/div>\n\t\t\t\t\t<\/div>\n\t\t<\/section>\n\t\t\t\t\t<\/div>\n\t\t<\/div>\n\t\t\t\t<div class=\"elementor-column elementor-col-50 elementor-top-column elementor-element elementor-element-aaadf98\" data-id=\"aaadf98\" data-element_type=\"column\" data-e-type=\"column\" data-settings=\"{&quot;background_background&quot;:&quot;classic&quot;}\">\n\t\t\t<div class=\"elementor-widget-wrap elementor-element-populated\">\n\t\t\t\t\t\t<div class=\"elementor-element elementor-element-02ff6c7 elementor-widget elementor-widget-spacer\" data-id=\"02ff6c7\" data-element_type=\"widget\" data-e-type=\"widget\" data-widget_type=\"spacer.default\">\n\t\t\t\t<div class=\"elementor-widget-container\">\n\t\t\t\t\t\t\t<div class=\"elementor-spacer\">\n\t\t\t<div class=\"elementor-spacer-inner\"><\/div>\n\t\t<\/div>\n\t\t\t\t\t\t<\/div>\n\t\t\t\t<\/div>\n\t\t\t\t\t<\/div>\n\t\t<\/div>\n\t\t\t\t\t<\/div>\n\t\t<\/section>\n\t\t\t\t<section class=\"elementor-section elementor-top-section elementor-element elementor-element-e2587a0 elementor-section-height-min-height elementor-section-items-stretch elementor-section-full_width elementor-section-height-default\" data-id=\"e2587a0\" data-element_type=\"section\" data-e-type=\"section\">\n\t\t\t\t\t\t<div class=\"elementor-container elementor-column-gap-default\">\n\t\t\t\t\t<div class=\"elementor-column elementor-col-50 elementor-top-column elementor-element elementor-element-3a30bb9\" data-id=\"3a30bb9\" data-element_type=\"column\" data-e-type=\"column\" data-settings=\"{&quot;background_background&quot;:&quot;classic&quot;}\">\n\t\t\t<div class=\"elementor-widget-wrap elementor-element-populated\">\n\t\t\t\t\t\t<div class=\"elementor-element elementor-element-f6e03c5 elementor-widget elementor-widget-spacer\" data-id=\"f6e03c5\" data-element_type=\"widget\" data-e-type=\"widget\" data-widget_type=\"spacer.default\">\n\t\t\t\t<div class=\"elementor-widget-container\">\n\t\t\t\t\t\t\t<div class=\"elementor-spacer\">\n\t\t\t<div class=\"elementor-spacer-inner\"><\/div>\n\t\t<\/div>\n\t\t\t\t\t\t<\/div>\n\t\t\t\t<\/div>\n\t\t\t\t\t<\/div>\n\t\t<\/div>\n\t\t\t\t<div class=\"elementor-column elementor-col-50 elementor-top-column elementor-element elementor-element-8e2cde8\" data-id=\"8e2cde8\" data-element_type=\"column\" data-e-type=\"column\">\n\t\t\t<div class=\"elementor-widget-wrap elementor-element-populated\">\n\t\t\t\t\t\t<div class=\"elementor-element elementor-element-8aa6363 elementor-widget elementor-widget-heading\" data-id=\"8aa6363\" data-element_type=\"widget\" data-e-type=\"widget\" data-widget_type=\"heading.default\">\n\t\t\t\t<div class=\"elementor-widget-container\">\n\t\t\t\t\t<h2 class=\"elementor-heading-title elementor-size-default\">A GLOBAL SOLUTION<\/h2>\t\t\t\t<\/div>\n\t\t\t\t<\/div>\n\t\t\t\t<div class=\"elementor-element elementor-element-3625380 elementor-widget elementor-widget-heading\" data-id=\"3625380\" data-element_type=\"widget\" data-e-type=\"widget\" data-widget_type=\"heading.default\">\n\t\t\t\t<div class=\"elementor-widget-container\">\n\t\t\t\t\t<h2 class=\"elementor-heading-title elementor-size-default\">Optimizing and simplifying your purchasing<\/h2>\t\t\t\t<\/div>\n\t\t\t\t<\/div>\n\t\t\t\t<div class=\"elementor-element elementor-element-0d950ce elementor-widget elementor-widget-text-editor\" data-id=\"0d950ce\" data-element_type=\"widget\" data-e-type=\"widget\" data-widget_type=\"text-editor.default\">\n\t\t\t\t<div class=\"elementor-widget-container\">\n\t\t\t\t\t\t\t\t\t<p>We install complete sub-assemblies ready for integration into your application. We offer the integration of sub-assemblies equipped with electronic boards, electrical elements, mechanical elements in all types of containers (cases, plates, racks).<\/p><p>We know how to respond to a wide variety of requirements, and adapt to each customer's specifications.<\/p><p>By relying on our partners in sheet metal and connectors (Schneider, Phoenix, Wago...), we secure and simplify your supplies with a single point of contact. This solution also optimizes lead times and costs (logistics and purchasing).<\/p>\t\t\t\t\t\t\t\t<\/div>\n\t\t\t\t<\/div>\n\t\t\t\t<div class=\"elementor-element elementor-element-d838d47 elementor-widget elementor-widget-heading\" data-id=\"d838d47\" data-element_type=\"widget\" data-e-type=\"widget\" data-widget_type=\"heading.default\">\n\t\t\t\t<div class=\"elementor-widget-container\">\n\t\t\t\t\t<h2 class=\"elementor-heading-title elementor-size-default\"><span style=\"color:#0E8AFD\">\"<\/span>Demand a single supplier for your harnesses, cases, enclosures and electromechanical assembly &nbsp; <span style=\"color:#0E8AFD\">\"<\/span><\/h2>\t\t\t\t<\/div>\n\t\t\t\t<\/div>\n\t\t\t\t\t<\/div>\n\t\t<\/div>\n\t\t\t\t\t<\/div>\n\t\t<\/section>\n\t\t\t\t<section class=\"elementor-section elementor-top-section elementor-element elementor-element-9679db5 elementor-section-boxed elementor-section-height-default elementor-section-height-default\" data-id=\"9679db5\" data-element_type=\"section\" data-e-type=\"section\" data-settings=\"{&quot;background_background&quot;:&quot;classic&quot;}\">\n\t\t\t\t\t\t<div class=\"elementor-container elementor-column-gap-no\">\n\t\t\t\t\t<div class=\"elementor-column elementor-col-100 elementor-top-column elementor-element elementor-element-b8c5145\" data-id=\"b8c5145\" data-element_type=\"column\" data-e-type=\"column\">\n\t\t\t<div class=\"elementor-widget-wrap elementor-element-populated\">\n\t\t\t\t\t\t<div class=\"elementor-element elementor-element-61c3b29 elementor-widget elementor-widget-heading\" data-id=\"61c3b29\" data-element_type=\"widget\" data-e-type=\"widget\" data-widget_type=\"heading.default\">\n\t\t\t\t<div class=\"elementor-widget-container\">\n\t\t\t\t\t<div class=\"elementor-heading-title elementor-size-default\">ELECTRICAL CABINETS AND ENCLOSURES<\/div>\t\t\t\t<\/div>\n\t\t\t\t<\/div>\n\t\t\t\t<div class=\"elementor-element elementor-element-c0ca6b8 elementor-widget elementor-widget-heading\" data-id=\"c0ca6b8\" data-element_type=\"widget\" data-e-type=\"widget\" data-widget_type=\"heading.default\">\n\t\t\t\t<div class=\"elementor-widget-container\">\n\t\t\t\t\t<h2 class=\"elementor-heading-title elementor-size-default\">We wire your cabinets for <\/h2>\t\t\t\t<\/div>\n\t\t\t\t<\/div>\n\t\t\t\t<section class=\"elementor-section elementor-inner-section elementor-element elementor-element-958e404 elementor-section-boxed elementor-section-height-default elementor-section-height-default\" data-id=\"958e404\" data-element_type=\"section\" data-e-type=\"section\">\n\t\t\t\t\t\t<div class=\"elementor-container elementor-column-gap-default\">\n\t\t\t\t\t<div class=\"elementor-column elementor-col-100 elementor-inner-column elementor-element elementor-element-4845263\" data-id=\"4845263\" data-element_type=\"column\" data-e-type=\"column\">\n\t\t\t<div class=\"elementor-widget-wrap elementor-element-populated\">\n\t\t\t\t\t\t<div class=\"elementor-element elementor-element-4dd3012 elementor-widget elementor-widget-jet-carousel\" data-id=\"4dd3012\" data-element_type=\"widget\" data-e-type=\"widget\" data-settings=\"{&quot;slides_to_show&quot;:&quot;3&quot;,&quot;slides_to_show_widescreen&quot;:&quot;3&quot;,&quot;slides_to_show_laptop&quot;:&quot;3&quot;,&quot;slides_to_show_tablet_extra&quot;:&quot;3&quot;,&quot;slides_to_show_tablet&quot;:&quot;3&quot;,&quot;slides_to_show_mobile&quot;:&quot;1&quot;,&quot;slides_to_scroll&quot;:&quot;1&quot;}\" data-widget_type=\"jet-carousel.default\">\n\t\t\t\t<div class=\"elementor-widget-container\">\n\t\t\t\t\t<div class=\"elementor-jet-carousel jet-elements\"><div class=\"jet-carousel-wrap jet-equal-cols\">\n\t<div class=\"jet-carousel\" data-slider_options=\"{&quot;autoplaySpeed&quot;:5000,&quot;autoplay&quot;:false,&quot;infinite&quot;:true,&quot;centerMode&quot;:false,&quot;centerPadding&quot;:&quot;50px&quot;,&quot;pauseOnHover&quot;:false,&quot;speed&quot;:500,&quot;arrows&quot;:true,&quot;dots&quot;:false,&quot;variableWidth&quot;:false,&quot;prevArrow&quot;:&quot;.jet-carousel__prev-arrow-4dd3012&quot;,&quot;nextArrow&quot;:&quot;.jet-carousel__next-arrow-4dd3012&quot;,&quot;rtl&quot;:false,&quot;fractionNav&quot;:false}\" dir=\"ltr\">\n\t<div class=\"elementor-slick-slider\">\n<div class=\"jet-carousel__item\">\n\t<div class=\"jet-carousel__item-inner\">\n\t<figure class=\"jet-banner jet-effect-sadie\"><a href=\"#\" class=\"jet-banner__link\"><div class=\"jet-banner__overlay\"><\/div><img decoding=\"async\" src=\"https:\/\/synergica.fr\/wp-content\/uploads\/2023\/05\/Machines-speciales.jpg\" class=\"jet-banner__img\" alt=\"Machines-speciales\" loading=\"lazy\"><figcaption class=\"jet-banner__content\"><div class=\"jet-banner__content-wrap\"><h5 class=\"jet-banner__title\">Special machines<\/h5><\/div><\/figcaption><\/a><\/figure>\n\t<\/div>\n<\/div><div class=\"jet-carousel__item\">\n\t<div class=\"jet-carousel__item-inner\">\n\t<figure class=\"jet-banner jet-effect-sadie\"><a href=\"#\" class=\"jet-banner__link\"><div class=\"jet-banner__overlay\"><\/div><img decoding=\"async\" src=\"https:\/\/synergica.fr\/wp-content\/uploads\/2023\/05\/AdobeStock_425106784.jpg\" class=\"jet-banner__img\" alt=\"AdobeStock_425106784\" loading=\"lazy\"><figcaption class=\"jet-banner__content\"><div class=\"jet-banner__content-wrap\"><h5 class=\"jet-banner__title\">Industry<\/h5><\/div><\/figcaption><\/a><\/figure>\n\t<\/div>\n<\/div><div class=\"jet-carousel__item\">\n\t<div class=\"jet-carousel__item-inner\">\n\t<figure class=\"jet-banner jet-effect-sadie\"><a href=\"#\" class=\"jet-banner__link\"><div class=\"jet-banner__overlay\"><\/div><img decoding=\"async\" src=\"https:\/\/synergica.fr\/wp-content\/uploads\/2023\/05\/AdobeStock_178073396.jpg\" class=\"jet-banner__img\" alt=\"AdobeStock_178073396\" loading=\"lazy\"><figcaption class=\"jet-banner__content\"><div class=\"jet-banner__content-wrap\"><h5 class=\"jet-banner__title\">Medical &amp; Laboratories<\/h5><\/div><\/figcaption><\/a><\/figure>\n\t<\/div>\n<\/div><\/div><div class=\"jet-carousel__prev-arrow-4dd3012 jet-arrow prev-arrow\"><svg xmlns=\"http:\/\/www.w3.org\/2000\/svg\" xmlns:xlink=\"http:\/\/www.w3.org\/1999\/xlink\" id=\"Calque_1\" x=\"0px\" y=\"0px\" viewbox=\"0 0 16 10.8\" style=\"enable-background:new 0 0 16 10.8;\" xml:space=\"preserve\">  <style type=\"text\/css\">\t.st0{fill:#00010E;}<\/style>  <path id=\"long-arrow\" class=\"st0\" d=\"M5.4,0L0,5.4l5.4,5.4l1.1-1.1L2.9,6.2H16V4.7H2.9l3.6-3.6L5.4,0z\"><\/path><\/svg><\/div><div class=\"jet-carousel__next-arrow-4dd3012 jet-arrow next-arrow\"><svg xmlns=\"http:\/\/www.w3.org\/2000\/svg\" width=\"16\" height=\"10.839\" viewbox=\"0 0 16 10.839\"><path id=\"long-arrow\" d=\"M6.5,9.754,2.937,6.187H16V4.653H2.937L6.5,1.085,5.42,0,0,5.42l5.42,5.42Z\" transform=\"translate(16 10.839) rotate(180)\" fill=\"#00010e\"><\/path><\/svg><\/div><\/div>\n<\/div>\n<\/div>\t\t\t\t<\/div>\n\t\t\t\t<\/div>\n\t\t\t\t\t<\/div>\n\t\t<\/div>\n\t\t\t\t\t<\/div>\n\t\t<\/section>\n\t\t\t\t\t<\/div>\n\t\t<\/div>\n\t\t\t\t\t<\/div>\n\t\t<\/section>\n\t\t\t\t<\/div>","protected":false},"excerpt":{"rendered":"<p>SOUS-ENSEMBLE ELECTRO-MECANIQUE C\u00e2blage de boitiers &#038; coffrets \u00e9lectriques Pour compl\u00e9ter notre offre de r\u00e9alisation de c\u00e2bles, faisceaux, sondes ou harnais, Nous vous accompagnons \u00e9galement avec de la conception et la r\u00e9alisation de coffrets de petites tailles, boitiers de regroupement et autres d\u00e9rivations afin d\u2019int\u00e9grer au mieux votre process\u00a0 \u00a0 A la demande et selon vos [&hellip;]<\/p>\n","protected":false},"author":2,"featured_media":0,"parent":42,"menu_order":0,"comment_status":"closed","ping_status":"closed","template":"","meta":{"footnotes":""},"class_list":["post-8052","page","type-page","status-publish","hentry"],"yoast_head":"<!-- This site is optimized with the Yoast SEO plugin v27.3 - https:\/\/yoast.com\/product\/yoast-seo-wordpress\/ -->\n<title>Boitiers &amp; coffrets - SYNERGICA<\/title>\n<meta name=\"description\" content=\"Synergica, Les sp\u00e9cialistes franc-comtois du d\u00e9veloppement et de la fabrication de composants \u00e9lectroniques et \u00e9lectrom\u00e9caniques.\" \/>\n<meta name=\"robots\" content=\"index, follow, max-snippet:-1, max-image-preview:large, max-video-preview:-1\" \/>\n<link rel=\"canonical\" href=\"https:\/\/synergica.fr\/en\/nos-metiers\/coffrets-armoires\/\" \/>\n<meta property=\"og:locale\" content=\"en_GB\" \/>\n<meta property=\"og:type\" content=\"article\" \/>\n<meta property=\"og:title\" content=\"Boitiers &amp; coffrets - SYNERGICA\" \/>\n<meta property=\"og:description\" content=\"Synergica, Les sp\u00e9cialistes franc-comtois du d\u00e9veloppement et de la fabrication de composants \u00e9lectroniques et \u00e9lectrom\u00e9caniques.\" \/>\n<meta property=\"og:url\" content=\"https:\/\/synergica.fr\/en\/nos-metiers\/coffrets-armoires\/\" \/>\n<meta property=\"og:site_name\" content=\"SYNERGICA\" \/>\n<meta property=\"article:modified_time\" content=\"2023-07-15T18:06:16+00:00\" \/>\n<meta property=\"og:image\" content=\"https:\/\/synergica.fr\/wp-content\/uploads\/2022\/08\/Rectangle-26.svg\" \/>\n<meta name=\"twitter:card\" content=\"summary_large_image\" \/>\n<meta name=\"twitter:label1\" content=\"Estimated reading time\" \/>\n\t<meta name=\"twitter:data1\" content=\"2 minutes\" \/>\n<script type=\"application\/ld+json\" class=\"yoast-schema-graph\">{\"@context\":\"https:\\\/\\\/schema.org\",\"@graph\":[{\"@type\":\"WebPage\",\"@id\":\"https:\\\/\\\/synergica.fr\\\/nos-metiers\\\/coffrets-armoires\\\/\",\"url\":\"https:\\\/\\\/synergica.fr\\\/nos-metiers\\\/coffrets-armoires\\\/\",\"name\":\"Boitiers & coffrets - SYNERGICA\",\"isPartOf\":{\"@id\":\"https:\\\/\\\/synergica.fr\\\/#website\"},\"primaryImageOfPage\":{\"@id\":\"https:\\\/\\\/synergica.fr\\\/nos-metiers\\\/coffrets-armoires\\\/#primaryimage\"},\"image\":{\"@id\":\"https:\\\/\\\/synergica.fr\\\/nos-metiers\\\/coffrets-armoires\\\/#primaryimage\"},\"thumbnailUrl\":\"https:\\\/\\\/synergica.fr\\\/wp-content\\\/uploads\\\/2022\\\/08\\\/Rectangle-26.svg\",\"datePublished\":\"2022-10-10T19:50:19+00:00\",\"dateModified\":\"2023-07-15T18:06:16+00:00\",\"description\":\"Synergica, Les sp\u00e9cialistes franc-comtois du d\u00e9veloppement et de la fabrication de composants \u00e9lectroniques et \u00e9lectrom\u00e9caniques.\",\"breadcrumb\":{\"@id\":\"https:\\\/\\\/synergica.fr\\\/nos-metiers\\\/coffrets-armoires\\\/#breadcrumb\"},\"inLanguage\":\"en-GB\",\"potentialAction\":[{\"@type\":\"ReadAction\",\"target\":[\"https:\\\/\\\/synergica.fr\\\/nos-metiers\\\/coffrets-armoires\\\/\"]}]},{\"@type\":\"ImageObject\",\"inLanguage\":\"en-GB\",\"@id\":\"https:\\\/\\\/synergica.fr\\\/nos-metiers\\\/coffrets-armoires\\\/#primaryimage\",\"url\":\"https:\\\/\\\/synergica.fr\\\/wp-content\\\/uploads\\\/2022\\\/08\\\/Rectangle-26.svg\",\"contentUrl\":\"https:\\\/\\\/synergica.fr\\\/wp-content\\\/uploads\\\/2022\\\/08\\\/Rectangle-26.svg\"},{\"@type\":\"BreadcrumbList\",\"@id\":\"https:\\\/\\\/synergica.fr\\\/nos-metiers\\\/coffrets-armoires\\\/#breadcrumb\",\"itemListElement\":[{\"@type\":\"ListItem\",\"position\":1,\"name\":\"Accueil\",\"item\":\"https:\\\/\\\/synergica.fr\\\/\"},{\"@type\":\"ListItem\",\"position\":2,\"name\":\"Nos m\u00e9tiers\",\"item\":\"https:\\\/\\\/synergica.fr\\\/nos-metiers\\\/\"},{\"@type\":\"ListItem\",\"position\":3,\"name\":\"Boitiers &#038; coffrets\"}]},{\"@type\":\"WebSite\",\"@id\":\"https:\\\/\\\/synergica.fr\\\/#website\",\"url\":\"https:\\\/\\\/synergica.fr\\\/\",\"name\":\"SYNERGICA\",\"description\":\"\",\"publisher\":{\"@id\":\"https:\\\/\\\/synergica.fr\\\/#organization\"},\"potentialAction\":[{\"@type\":\"SearchAction\",\"target\":{\"@type\":\"EntryPoint\",\"urlTemplate\":\"https:\\\/\\\/synergica.fr\\\/?s={search_term_string}\"},\"query-input\":{\"@type\":\"PropertyValueSpecification\",\"valueRequired\":true,\"valueName\":\"search_term_string\"}}],\"inLanguage\":\"en-GB\"},{\"@type\":\"Organization\",\"@id\":\"https:\\\/\\\/synergica.fr\\\/#organization\",\"name\":\"SYNERGICA\",\"url\":\"https:\\\/\\\/synergica.fr\\\/\",\"logo\":{\"@type\":\"ImageObject\",\"inLanguage\":\"en-GB\",\"@id\":\"https:\\\/\\\/synergica.fr\\\/#\\\/schema\\\/logo\\\/image\\\/\",\"url\":\"https:\\\/\\\/synergica.fr\\\/wp-content\\\/uploads\\\/2022\\\/10\\\/logo_synergica.svg\",\"contentUrl\":\"https:\\\/\\\/synergica.fr\\\/wp-content\\\/uploads\\\/2022\\\/10\\\/logo_synergica.svg\",\"width\":219.221,\"height\":50.64,\"caption\":\"SYNERGICA\"},\"image\":{\"@id\":\"https:\\\/\\\/synergica.fr\\\/#\\\/schema\\\/logo\\\/image\\\/\"}}]}<\/script>\n<!-- \/ Yoast SEO plugin. -->","yoast_head_json":{"title":"Boitiers & coffrets - SYNERGICA","description":"Synergica, Les sp\u00e9cialistes franc-comtois du d\u00e9veloppement et de la fabrication de composants \u00e9lectroniques et \u00e9lectrom\u00e9caniques.","robots":{"index":"index","follow":"follow","max-snippet":"max-snippet:-1","max-image-preview":"max-image-preview:large","max-video-preview":"max-video-preview:-1"},"canonical":"https:\/\/synergica.fr\/en\/nos-metiers\/coffrets-armoires\/","og_locale":"en_GB","og_type":"article","og_title":"Boitiers & coffrets - SYNERGICA","og_description":"Synergica, Les sp\u00e9cialistes franc-comtois du d\u00e9veloppement et de la fabrication de composants \u00e9lectroniques et \u00e9lectrom\u00e9caniques.","og_url":"https:\/\/synergica.fr\/en\/nos-metiers\/coffrets-armoires\/","og_site_name":"SYNERGICA","article_modified_time":"2023-07-15T18:06:16+00:00","og_image":[{"url":"https:\/\/synergica.fr\/wp-content\/uploads\/2022\/08\/Rectangle-26.svg","type":"","width":"","height":""}],"twitter_card":"summary_large_image","twitter_misc":{"Estimated reading time":"2 minutes"},"schema":{"@context":"https:\/\/schema.org","@graph":[{"@type":"WebPage","@id":"https:\/\/synergica.fr\/nos-metiers\/coffrets-armoires\/","url":"https:\/\/synergica.fr\/nos-metiers\/coffrets-armoires\/","name":"Boitiers & coffrets - SYNERGICA","isPartOf":{"@id":"https:\/\/synergica.fr\/#website"},"primaryImageOfPage":{"@id":"https:\/\/synergica.fr\/nos-metiers\/coffrets-armoires\/#primaryimage"},"image":{"@id":"https:\/\/synergica.fr\/nos-metiers\/coffrets-armoires\/#primaryimage"},"thumbnailUrl":"https:\/\/synergica.fr\/wp-content\/uploads\/2022\/08\/Rectangle-26.svg","datePublished":"2022-10-10T19:50:19+00:00","dateModified":"2023-07-15T18:06:16+00:00","description":"Synergica, Les sp\u00e9cialistes franc-comtois du d\u00e9veloppement et de la fabrication de composants \u00e9lectroniques et \u00e9lectrom\u00e9caniques.","breadcrumb":{"@id":"https:\/\/synergica.fr\/nos-metiers\/coffrets-armoires\/#breadcrumb"},"inLanguage":"en-GB","potentialAction":[{"@type":"ReadAction","target":["https:\/\/synergica.fr\/nos-metiers\/coffrets-armoires\/"]}]},{"@type":"ImageObject","inLanguage":"en-GB","@id":"https:\/\/synergica.fr\/nos-metiers\/coffrets-armoires\/#primaryimage","url":"https:\/\/synergica.fr\/wp-content\/uploads\/2022\/08\/Rectangle-26.svg","contentUrl":"https:\/\/synergica.fr\/wp-content\/uploads\/2022\/08\/Rectangle-26.svg"},{"@type":"BreadcrumbList","@id":"https:\/\/synergica.fr\/nos-metiers\/coffrets-armoires\/#breadcrumb","itemListElement":[{"@type":"ListItem","position":1,"name":"Accueil","item":"https:\/\/synergica.fr\/"},{"@type":"ListItem","position":2,"name":"Nos m\u00e9tiers","item":"https:\/\/synergica.fr\/nos-metiers\/"},{"@type":"ListItem","position":3,"name":"Boitiers &#038; coffrets"}]},{"@type":"WebSite","@id":"https:\/\/synergica.fr\/#website","url":"https:\/\/synergica.fr\/","name":"SYNERGICA","description":"","publisher":{"@id":"https:\/\/synergica.fr\/#organization"},"potentialAction":[{"@type":"SearchAction","target":{"@type":"EntryPoint","urlTemplate":"https:\/\/synergica.fr\/?s={search_term_string}"},"query-input":{"@type":"PropertyValueSpecification","valueRequired":true,"valueName":"search_term_string"}}],"inLanguage":"en-GB"},{"@type":"Organization","@id":"https:\/\/synergica.fr\/#organization","name":"SYNERGICA","url":"https:\/\/synergica.fr\/","logo":{"@type":"ImageObject","inLanguage":"en-GB","@id":"https:\/\/synergica.fr\/#\/schema\/logo\/image\/","url":"https:\/\/synergica.fr\/wp-content\/uploads\/2022\/10\/logo_synergica.svg","contentUrl":"https:\/\/synergica.fr\/wp-content\/uploads\/2022\/10\/logo_synergica.svg","width":219.221,"height":50.64,"caption":"SYNERGICA"},"image":{"@id":"https:\/\/synergica.fr\/#\/schema\/logo\/image\/"}}]}},"_links":{"self":[{"href":"https:\/\/synergica.fr\/en\/wp-json\/wp\/v2\/pages\/8052","targetHints":{"allow":["GET"]}}],"collection":[{"href":"https:\/\/synergica.fr\/en\/wp-json\/wp\/v2\/pages"}],"about":[{"href":"https:\/\/synergica.fr\/en\/wp-json\/wp\/v2\/types\/page"}],"author":[{"embeddable":true,"href":"https:\/\/synergica.fr\/en\/wp-json\/wp\/v2\/users\/2"}],"replies":[{"embeddable":true,"href":"https:\/\/synergica.fr\/en\/wp-json\/wp\/v2\/comments?post=8052"}],"version-history":[{"count":38,"href":"https:\/\/synergica.fr\/en\/wp-json\/wp\/v2\/pages\/8052\/revisions"}],"predecessor-version":[{"id":11037,"href":"https:\/\/synergica.fr\/en\/wp-json\/wp\/v2\/pages\/8052\/revisions\/11037"}],"up":[{"embeddable":true,"href":"https:\/\/synergica.fr\/en\/wp-json\/wp\/v2\/pages\/42"}],"wp:attachment":[{"href":"https:\/\/synergica.fr\/en\/wp-json\/wp\/v2\/media?parent=8052"}],"curies":[{"name":"wp","href":"https:\/\/api.w.org\/{rel}","templated":true}]}}